{"id":1307,"date":"2022-03-11T18:39:16","date_gmt":"2022-03-11T18:39:16","guid":{"rendered":"https:\/\/acarinofilms.com\/privacy-policy\/"},"modified":"2022-03-22T17:28:04","modified_gmt":"2022-03-22T17:28:04","slug":"privacy-policy","status":"publish","type":"page","link":"https:\/\/acarinofilms.com\/en\/privacy-policy\/","title":{"rendered":"Privacy Policy"},"content":{"rendered":"\t\t<div data-elementor-type=\"wp-page\" data-elementor-id=\"1307\" class=\"elementor elementor-1307 elementor-189\" data-elementor-post-type=\"page\">\n\t\t\t\t\t\t<section class=\"elementor-section elementor-top-section elementor-element elementor-element-294ced0 elementor-section-boxed elementor-section-height-default elementor-section-height-default\" data-id=\"294ced0\" data-element_type=\"section\">\n\t\t\t\t\t\t<div class=\"elementor-container elementor-column-gap-default\">\n\t\t\t\t\t<div class=\"elementor-column elementor-col-100 elementor-top-column elementor-element elementor-element-61a2167\" data-id=\"61a2167\" data-element_type=\"column\">\n\t\t\t<div class=\"elementor-widget-wrap elementor-element-populated\">\n\t\t\t\t\t\t<section class=\"elementor-section elementor-inner-section elementor-element elementor-element-20ae66b elementor-section-boxed elementor-section-height-default elementor-section-height-default\" data-id=\"20ae66b\" data-element_type=\"section\">\n\t\t\t\t\t\t<div class=\"elementor-container elementor-column-gap-default\">\n\t\t\t\t\t<div class=\"elementor-column elementor-col-100 elementor-inner-column elementor-element elementor-element-6dc6c0c\" data-id=\"6dc6c0c\" data-element_type=\"column\">\n\t\t\t<div class=\"elementor-widget-wrap elementor-element-populated\">\n\t\t\t\t\t\t<div class=\"elementor-element elementor-element-ab09665 fondo-titulo elementor-widget__width-initial elementor-widget elementor-widget-heading\" data-id=\"ab09665\" data-element_type=\"widget\" data-widget_type=\"heading.default\">\n\t\t\t\t<div class=\"elementor-widget-container\">\n\t\t\t\t\t<h2 class=\"elementor-heading-title elementor-size-default\">Privacy Policy<\/h2>\t\t\t\t<\/div>\n\t\t\t\t<\/div>\n\t\t\t\t\t<\/div>\n\t\t<\/div>\n\t\t\t\t\t<\/div>\n\t\t<\/section>\n\t\t\t\t<section class=\"elementor-section elementor-inner-section elementor-element elementor-element-1f34351 elementor-section-boxed elementor-section-height-default elementor-section-height-default\" data-id=\"1f34351\" data-element_type=\"section\">\n\t\t\t\t\t\t<div class=\"elementor-container elementor-column-gap-default\">\n\t\t\t\t\t<div class=\"elementor-column elementor-col-100 elementor-inner-column elementor-element elementor-element-c4a1805\" data-id=\"c4a1805\" data-element_type=\"column\">\n\t\t\t<div class=\"elementor-widget-wrap elementor-element-populated\">\n\t\t\t\t\t\t<div class=\"elementor-element elementor-element-1b85de5 elementor-widget elementor-widget-text-editor\" data-id=\"1b85de5\" data-element_type=\"widget\" data-widget_type=\"text-editor.default\">\n\t\t\t\t<div class=\"elementor-widget-container\">\n\t\t\t\t\t\t\t\t\t<p><span style=\"font-weight: 500;\">Acari\u00f1o Films informa seguidamente de su Pol\u00edtica de Privacidad como Responsable del Tratamiento de los datos personales que pudieran ser objeto de tratamiento en el sitio web <\/span><span style=\"font-weight: 500;\">https:\/\/a<\/span><span style=\"font-weight: 500;\">carinofilms.com<\/span><span style=\"font-weight: 500;\"> . En el supuesto que se suministren datos de car\u00e1cter de personal, estos datos ser\u00e1n recogidos y utilizados conforme a las limitaciones y los derechos recogidos tanto en la <\/span><i><span style=\"font-weight: 500;\">Ley Org\u00e1nica 3\/2018, de 5 de diciembre, de Protecci\u00f3n de Datos Personales y Garant\u00eda de los Derechos Digitales<\/span><\/i> <span style=\"font-weight: 500;\">as\u00ed como en el<\/span> <i><span style=\"font-weight: 500;\">Reglamento (UE) 2016\/679 del Parlamento Europeo y del Consejo, de\u00a027 de abril de 2016, relativo a la protecci\u00f3n de las personas f\u00edsicas en lo que respecta al tratamiento de datos personales y a la libre circulaci\u00f3n de estos datos.<\/span><\/i><\/p><p><b>\u00bfQUI\u00c9N ES EL RESPONSABLE DEL TRATAMIENTO DE SUS DATOS?<\/b><\/p><p><b>Responsable del Tratamiento:<\/b> <span style=\"font-weight: 500;\">Andr\u00e9s Sanjurjo Garc\u00eda<\/span><\/p><p><b>NIF \/ CIF: <\/b><span style=\"font-weight: 500;\">54151675S<\/span><\/p><p><b>Domicilio:<\/b><span style=\"font-weight: 500;\"> Plaza 8 de marzo n\u00ba 1 esc.1 1\u00ba izq, 15.009, A Coru\u00f1a (Espa\u00f1a)<\/span><\/p><p><b>Correo Electr\u00f3nico:<\/b><span style=\"font-weight: 500;\"> acarinofilms@gmail.com<\/span><\/p><p><b>\u00bfQU\u00c9 TIPO DE DATOS PERSONALES SON OBJETO DE TRATAMIENTO?<\/b><\/p><p><span style=\"font-weight: 500;\">Dependiendo de los servicios o funcionalidades de los que quiera disfrutar en cada momento ser\u00e1 necesario tratar unos datos personales u otros. En general dichos datos, ser\u00e1n, seg\u00fan el caso, los siguientes:<\/span><\/p><ul><li><b> <\/b><span style=\"font-weight: 500;\">Datos identificativos\u00a0<\/span><\/li><li><b> <\/b><span style=\"font-weight: 500;\">Datos de geolocalizaci\u00f3n o datos relativos al pa\u00eds desde el que el usuario del sitio web interact\u00faa con la misma.<\/span><\/li><\/ul><p><span style=\"color: var( --e-global-color-2791e78 );\">Recuerde que, en el caso de que se le solicite que rellene sus datos personales para darle acceso a alguna funcionalidad o servicio de la web, podr\u00e1n marcarse algunos campos como obligatorios, puesto que son datos necesarios para poder prestarle el servicio o darle acceso a la funcionalidad en cuesti\u00f3n.\u00a0<\/span><\/p><p><span style=\"font-weight: 500;\">Por favor, tenga en cuenta que, si decide no facilitar esos datos, es posible que no pueda disfrutar de esos servicios o funcionalidades.<\/span><\/p><p><b>\u00bfCON QU\u00c9 FINALIDAD SE TRATAN SUS DATOS PERSONALES?\u00a0<\/b><\/p><p><span style=\"font-weight: 500;\">Dependiendo de c\u00f3mo interact\u00fae con el sitio web, sus datos personales podr\u00e1n ser tratados para las siguientes finalidades:<\/span><\/p><p><b>1.-<\/b> <b>Para atender las solicitudes o peticiones que realice a trav\u00e9s de los distintos medios incorporados al sitio web.\u00a0<\/b><\/p><p><span style=\"font-weight: 500;\">S\u00f3lo son tratados los datos personales que sean estrictamente necesarios para gestionar o resolver su solicitud o petici\u00f3n.<\/span><\/p><p><b>2.- An\u00e1lisis de usabilidad y de calidad para la mejora de los servicios (Cookies)<\/b><\/p><p><span style=\"font-weight: 500;\">Si accede al sitio web, le informamos de que podr\u00e1n ser tratados sus datos de navegaci\u00f3n para fines anal\u00edticos y estad\u00edsticos, es decir, para entender la forma en la que se interact\u00faa con el sitio web y de este modo poder introducir mejoras en el mismo.<\/span><\/p><p><b>\u00bfCU\u00c1L ES LA LEGITIMACI\u00d3N PARA EL TRATAMIENTO DE SUS DATOS PERSONALES?\u00a0<\/b><\/p><p><span style=\"font-weight: 500;\">La base legal que permite tratar sus datos personales tambi\u00e9n depende de la finalidad del tratamiento, de este modo encontraremos distintas bases legales en virtud de las siguientes finalidades:<\/span><\/p><p><b>1.- Para atender las solicitudes o peticiones que realice a trav\u00e9s de los distintos medios incorporados al sitio web.<\/b><\/p><p><span style=\"font-weight: 500;\">La base legal para el tratamiento de los datos personales es el consentimiento para dar respuesta a las consultas planteadas a trav\u00e9s de la p\u00e1gina web, lo que supone la aceptaci\u00f3n de estas condiciones por parte del interesado.<\/span><\/p><p><b>2.-<\/b> <b>An\u00e1lisis de usabilidad y de calidad para la mejora de los servicios (Cookies).<\/b><\/p><p><span style=\"font-weight: 500;\">La base legal para el tratamiento de los datos personales es el consentimiento del propio usuario.<\/span><\/p><p><b>\u00bfDURANTE CU\u00c1NTO TIEMPO SER\u00c1N CONSERVADOS SUS DATOS?<\/b><\/p><p><b>1.- Para atender las solicitudes o peticiones que realice a trav\u00e9s de los distintos medios incorporados al sitio web.<\/b><\/p><p><span style=\"font-weight: 500;\">Trataremos sus datos durante el tiempo que sea necesario para atender su solicitud o petici\u00f3n.<\/span><\/p><p><b>2.- An\u00e1lisis de usabilidad y de calidad para la mejora de los servicios (Cookies).<\/b><\/p><p><span style=\"font-weight: 500;\">El tiempo de conservaci\u00f3n ser\u00e1 detallado en la <\/span><span style=\"font-weight: 500;\">Pol\u00edtica de Cookies<\/span><\/p><p><b>\u00bfSER\u00c1N COMPARTIDOS SUS DATOS CON TERCEROS?\u00a0<\/b><\/p><p><span style=\"font-weight: 500;\">Para cumplir las finalidades indicadas en la presente Pol\u00edtica de Privacidad, podr\u00eda ser necesario dar acceso a sus datos personales a terceras partes que prestan apoyo en los servicios ofrecidos y que son detallados a continuaci\u00f3n:\u00a0<\/span><\/p><ul><li><b><\/b><span style=\"font-weight: 500;\"> Proveedores de servicios tecnol\u00f3gicos<\/span><\/li><\/ul><p><b>\u00bfCU\u00c1LES SON SUS DERECHOS CUANDO FACILITA SUS DATOS?<\/b><\/p><p><span style=\"font-weight: 500;\">Ser\u00e1 respetada la confidencialidad de sus datos personales y la garant\u00eda en el ejercicio de sus derechos.\u00a0<\/span><\/p><p><span style=\"font-weight: 500;\">Podr\u00e1 ejercitarlos sin coste alguno remitiendo un correo electr\u00f3nico a la direcci\u00f3n de correo electr\u00f3nico acarinofilms@gmail.com indicando simplemente el motivo de su solicitud y el derecho que quiere ejercitar.\u00a0<\/span><\/p><p><span style=\"font-weight: 500;\">En caso de considerar necesario identificarle, se le podr\u00e1 solicitar copia de un documento acreditativo de su identidad. Independientemente de la finalidad o la base legal en virtud de la que sean tratados sus datos, tiene derecho a:\u00a0<\/span><\/p><ul><li><b> <\/b><span style=\"font-weight: 500;\">Pedir acceso a los datos suyos de los que disponemos.\u00a0<\/span><\/li><li><b> <\/b><span style=\"font-weight: 500;\">Pedir que sean rectificados los datos de los que ya se disponen. Tenga en cuenta que, al facilitar activamente sus datos personales por cualquier v\u00eda, garantiza que son ciertos y exactos y se compromete a notificar cualquier cambio o modificaci\u00f3n de los mismos.\u00a0<\/span><\/li><li><span style=\"font-weight: 500;\"> Pedir que sean suprimidos sus datos en la medida en que ya no sean necesarios para la finalidad para los que se necesita tratarlos seg\u00fan se ha informado con anterioridad, o en que ya no se tenga legitimaci\u00f3n para hacerlo.\u00a0<\/span><\/li><li><span style=\"font-weight: 500;\"> Pedir que se limite el tratamiento de sus datos, lo que supone que en determinados casos pueda solicitar suspender temporalmente el tratamiento de los datos o que sean conservados m\u00e1s all\u00e1 del tiempo necesario cuando pueda necesitarlo. Si ha proporcionado su consentimiento para el tratamiento de sus datos para cualquier finalidad, tambi\u00e9n tiene derecho a retirarlo en cualquier momento.\u00a0<\/span><\/li><li><span style=\"font-weight: 500;\"> Por otra parte, cuando el tratamiento de sus datos est\u00e9 basado en nuestro inter\u00e9s leg\u00edtimo, tambi\u00e9n tendr\u00e1 derecho a oponerse al tratamiento de sus datos.<\/span><\/li><li><span style=\"font-weight: 500;\"> Por \u00faltimo, se le informa de su derecho a presentar una reclamaci\u00f3n ante la autoridad de control en materia de protecci\u00f3n de datos pertinente, en particular, ante la Agencia Espa\u00f1ola de Protecci\u00f3n de Datos <\/span><a href=\"https:\/\/www.agpd.es\/portalwebAGPD\/index-ides-idphp.php\"><span style=\"font-weight: 500;\">https:\/\/www.agpd.es\/portalwebAGPD\/index-ides-idphp.php<\/span><\/a><\/li><\/ul><p><b>CAMBIOS A LA POL\u00cdTICA DE PRIVACIDAD.<\/b><\/p><p><span style=\"font-weight: 500;\">Es posible que la informaci\u00f3n contenida en esta Pol\u00edtica de Privacidad sea modificada. En caso de que se proceda a modificar la misma, se lo notificar\u00e1 a trav\u00e9s de la web, o incluso podr\u00e1 ser comunicada a su direcci\u00f3n de correo electr\u00f3nico cuando el cambio en cuesti\u00f3n sea significativo para con su privacidad, de manera que pueda revisar los cambios, valorarlos y, en su caso, oponerse o darse de baja en alg\u00fan servicio o funcionalidad.\u00a0<\/span><\/p><p><b>INFORMACI\u00d3N SOBRE COOKIES.<\/b><\/p><p><span style=\"font-weight: 500;\">Son utilizadas cookies y dispositivos similares para facilitar su navegaci\u00f3n en la web, conocer c\u00f3mo interact\u00faa y, en determinados casos, poder mostrarle publicidad en funci\u00f3n de sus h\u00e1bitos de navegaci\u00f3n. Por favor, lea nuestra <\/span><a href=\"https:\/\/acarinofilms.com\/en\/politica-de-cookies\/\"><span style=\"font-weight: 500;\">Pol\u00edtica de Cookies<\/span><\/a><span style=\"font-weight: 500;\"> para conocer con mayor detalle las cookies y dispositivos similares que se usan, su finalidad y otra informaci\u00f3n de inter\u00e9s.<\/span><\/p>\t\t\t\t\t\t\t\t<\/div>\n\t\t\t\t<\/div>\n\t\t\t\t\t<\/div>\n\t\t<\/div>\n\t\t\t\t\t<\/div>\n\t\t<\/section>\n\t\t\t\t\t<\/div>\n\t\t<\/div>\n\t\t\t\t\t<\/div>\n\t\t<\/section>\n\t\t\t\t<\/div>\n\t\t","protected":false},"excerpt":{"rendered":"<p>Privacy Policy Acari\u00f1o Films informa seguidamente de su Pol\u00edtica de Privacidad como Responsable del Tratamiento de los datos personales que pudieran ser objeto de tratamiento en el sitio web https:\/\/acarinofilms.com . En el supuesto que se suministren datos de car\u00e1cter de personal, estos datos ser\u00e1n recogidos y utilizados conforme a las limitaciones y los derechos [&hellip;]<\/p>\n","protected":false},"author":1,"featured_media":0,"parent":0,"menu_order":0,"comment_status":"closed","ping_status":"closed","template":"","meta":{"inline_featured_image":false,"footnotes":""},"class_list":["post-1307","page","type-page","status-publish","hentry"],"_links":{"self":[{"href":"https:\/\/acarinofilms.com\/en\/wp-json\/wp\/v2\/pages\/1307","targetHints":{"allow":["GET"]}}],"collection":[{"href":"https:\/\/acarinofilms.com\/en\/wp-json\/wp\/v2\/pages"}],"about":[{"href":"https:\/\/acarinofilms.com\/en\/wp-json\/wp\/v2\/types\/page"}],"author":[{"embeddable":true,"href":"https:\/\/acarinofilms.com\/en\/wp-json\/wp\/v2\/users\/1"}],"replies":[{"embeddable":true,"href":"https:\/\/acarinofilms.com\/en\/wp-json\/wp\/v2\/comments?post=1307"}],"version-history":[{"count":3,"href":"https:\/\/acarinofilms.com\/en\/wp-json\/wp\/v2\/pages\/1307\/revisions"}],"predecessor-version":[{"id":1868,"href":"https:\/\/acarinofilms.com\/en\/wp-json\/wp\/v2\/pages\/1307\/revisions\/1868"}],"wp:attachment":[{"href":"https:\/\/acarinofilms.com\/en\/wp-json\/wp\/v2\/media?parent=1307"}],"curies":[{"name":"wp","href":"https:\/\/api.w.org\/{rel}","templated":true}]}}