{"id":1317,"date":"2022-03-11T18:39:02","date_gmt":"2022-03-11T18:39:02","guid":{"rendered":"https:\/\/acarinofilms.com\/legal-warning\/"},"modified":"2022-03-15T12:54:06","modified_gmt":"2022-03-15T12:54:06","slug":"legal-warning","status":"publish","type":"page","link":"https:\/\/acarinofilms.com\/en\/legal-warning\/","title":{"rendered":"Legal Warning"},"content":{"rendered":"\t\t<div data-elementor-type=\"wp-page\" data-elementor-id=\"1317\" class=\"elementor elementor-1317 elementor-187\" data-elementor-post-type=\"page\">\n\t\t\t\t\t\t<section class=\"elementor-section elementor-top-section elementor-element elementor-element-c0ffa16 elementor-section-boxed elementor-section-height-default elementor-section-height-default\" data-id=\"c0ffa16\" data-element_type=\"section\">\n\t\t\t\t\t\t<div class=\"elementor-container elementor-column-gap-default\">\n\t\t\t\t\t<div class=\"elementor-column elementor-col-100 elementor-top-column elementor-element elementor-element-b66ec7c\" data-id=\"b66ec7c\" data-element_type=\"column\">\n\t\t\t<div class=\"elementor-widget-wrap elementor-element-populated\">\n\t\t\t\t\t\t<section class=\"elementor-section elementor-inner-section elementor-element elementor-element-6d70691 elementor-section-boxed elementor-section-height-default elementor-section-height-default\" data-id=\"6d70691\" data-element_type=\"section\">\n\t\t\t\t\t\t<div class=\"elementor-container elementor-column-gap-default\">\n\t\t\t\t\t<div class=\"elementor-column elementor-col-100 elementor-inner-column elementor-element elementor-element-9247252\" data-id=\"9247252\" data-element_type=\"column\">\n\t\t\t<div class=\"elementor-widget-wrap elementor-element-populated\">\n\t\t\t\t\t\t<div class=\"elementor-element elementor-element-30c6b9b fondo-titulo elementor-widget__width-initial elementor-widget elementor-widget-heading\" data-id=\"30c6b9b\" data-element_type=\"widget\" data-widget_type=\"heading.default\">\n\t\t\t\t<div class=\"elementor-widget-container\">\n\t\t\t\t\t<h2 class=\"elementor-heading-title elementor-size-default\">Legal Warning<\/h2>\t\t\t\t<\/div>\n\t\t\t\t<\/div>\n\t\t\t\t\t<\/div>\n\t\t<\/div>\n\t\t\t\t\t<\/div>\n\t\t<\/section>\n\t\t\t\t<section class=\"elementor-section elementor-inner-section elementor-element elementor-element-b49afb6 elementor-section-boxed elementor-section-height-default elementor-section-height-default\" data-id=\"b49afb6\" data-element_type=\"section\">\n\t\t\t\t\t\t<div class=\"elementor-container elementor-column-gap-default\">\n\t\t\t\t\t<div class=\"elementor-column elementor-col-100 elementor-inner-column elementor-element elementor-element-62d6cbf\" data-id=\"62d6cbf\" data-element_type=\"column\">\n\t\t\t<div class=\"elementor-widget-wrap elementor-element-populated\">\n\t\t\t\t\t\t<div class=\"elementor-element elementor-element-51c8014 elementor-widget elementor-widget-text-editor\" data-id=\"51c8014\" data-element_type=\"widget\" data-widget_type=\"text-editor.default\">\n\t\t\t\t<div class=\"elementor-widget-container\">\n\t\t\t\t\t\t\t\t\t<p><b>AVISO LEGAL WEB\u00a0<\/b><\/p><p><span style=\"font-weight: 500;\">Por favor, lea todos los apartados del presente Aviso Legal antes de utilizar este sitio web. Las siguientes condiciones son vinculantes para cualquier usuario del mismo.\u00a0<\/span><\/p><p><span style=\"font-weight: 500;\">En cumplimiento con el deber de informaci\u00f3n dispuesto en la Ley 34\/2002 de Servicios de la Sociedad de la Informaci\u00f3n y el Comercio Electr\u00f3nico (LSSI-CE) de 11 de julio, se facilitan a continuaci\u00f3n los siguientes datos de informaci\u00f3n general de este sitio web.<\/span><\/p><p><span style=\"font-weight: 500;\">La raz\u00f3n de este texto es explicar de manera detallada las funcionalidades de este sitio web y, de este modo, aportar al usuario aquella informaci\u00f3n relacionada con el titular del sitio y la finalidad de los contenidos incluidos en el mismo.<\/span><\/p><p>\u00a0<\/p><p><b>DATOS DE IDENTIFICACI\u00d3N<\/b><\/p><p><span style=\"font-weight: 500;\">El presente Aviso Legal regula el uso del servicio del sitio web <\/span><a href=\"https:\/\/acarinofilms.com\/\"><span style=\"font-weight: 500;\">https:\/\/a<\/span><span style=\"font-weight: 500;\">carinofilms.com<\/span><\/a><span style=\"font-weight: 500;\"> inform\u00e1ndole en cumplimiento de la Ley 34\/2002, de 11 de julio, de Servicios de la Sociedad de la Informaci\u00f3n y de Comercio Electr\u00f3nico, de los siguientes extremos:<\/span><\/p><p><b>Titular de la Web:<\/b><span style=\"font-weight: 500;\"> Andr\u00e9s Sanjurjo Garc\u00eda<\/span><\/p><p><b>NIF \/ CIF: <\/b><span style=\"font-weight: 500;\">54151675-S<\/span><\/p><p><b>Domicilio:<\/b><span style=\"font-weight: 500;\"> Plaza 8 de marzo n\u00ba1 esc. 1 1\u00ba izq, 15.009, A Coru\u00f1a (Espa\u00f1a)<\/span><\/p><p><b>Correo Electr\u00f3nico:<\/b> <a href=\"mailto:info@acarinofilms.com\"><span style=\"font-weight: 500;\">info@<\/span><span style=\"font-weight: 500;\">acarinofilms.com<\/span><\/a><\/p><p>\u00a0<\/p><p><b>USO DEL SITIO WEB Y OBLIGACIONES DE LOS USUARIOS.\u00a0<\/b><\/p><p><span style=\"font-weight: 500;\">El usuario se compromete a utilizar el sitio web, su contenido y servicios, sin contravenir la legislaci\u00f3n vigente, los usos generalmente aceptados y el orden p\u00fablico. Queda prohibido el uso del sitio web con fines il\u00edcitos o lesivos contra Andr\u00e9s Sanjurjo Garc\u00eda o terceros, que, de cualquier forma, puedan causar perjuicio o impedir el normal uso del sitio web.<\/span><\/p><p><span style=\"font-weight: 500;\">Acari\u00f1o Films garantiza que los contenidos y servicios que ofrece el portal respetan el principio de dignidad de la persona, de protecci\u00f3n de la juventud y la infancia, de no-discriminaci\u00f3n por motivos de raza, sexo, religi\u00f3n, opini\u00f3n, nacionalidad, discapacidad o cualquier otro aspecto personal y social.<\/span><\/p><p><span style=\"font-weight: 500;\">Las presentes Condiciones Generales de Uso del sitio web no confieren al usuario ning\u00fan otro derecho de uso, alteraci\u00f3n, explotaci\u00f3n, reproducci\u00f3n, distribuci\u00f3n o comunicaci\u00f3n p\u00fablica de los contenidos del sitio web distintos de los aqu\u00ed expresamente previstos.\u00a0<\/span><\/p><p>\u00a0<\/p><p><b>PROPIEDAD INTELECTUAL E INDUSTRIAL<\/b><\/p><p><span style=\"font-weight: 500;\">El usuario del sitio web reconoce y acepta que todos los derechos de propiedad industrial e intelectual sobre los contenidos (o cualesquiera otros elementos insertados en el sitio web) pertenecen al titular del sitio web o los mismos se encuentran debidamente autorizados para su difusi\u00f3n en el presente sitio web. Todos los derechos est\u00e1n reservados.<\/span><\/p><p><span style=\"font-weight: 500;\">Las obras fotogr\u00e1ficas son propiedad de sus autores o titulares de derecho, quienes se reservan todos sus derechos de explotaci\u00f3n.<\/span><\/p><p><span style=\"font-weight: 500;\">Cualquier uso no autorizado previamente por Andrea Rodr\u00edguez L\u00f3pez o los titulares de los derechos correspondientes respecto del sitio web y sus distintos contenidos, ser\u00e1 considerado un incumplimiento grave de los derechos de propiedad intelectual o industrial del autor.<\/span><\/p><p><span style=\"font-weight: 500;\">Quedan expresamente prohibidas la reproducci\u00f3n, la distribuci\u00f3n y la comunicaci\u00f3n p\u00fablica, incluida su modalidad de puesta a disposici\u00f3n, de la totalidad o parte de los contenidos de esta p\u00e1gina web, con fines comerciales, en cualquier soporte y por cualquier medio t\u00e9cnico, sin la autorizaci\u00f3n de sus titulares.<\/span><\/p><p><span style=\"font-weight: 500;\">Como usuario, se compromete a respetar los derechos de Propiedad Intelectual e Industrial titularidad de los autores del sitio web.<\/span><\/p><p>\u00a0<\/p><p><b>ENLACES\u00a0<\/b><\/p><p><span style=\"font-weight: 500;\">El presente sitio web puede proporcionar enlaces a otros sitios web o a contenidos que pudieran ser propiedad de terceros.\u00a0<\/span><\/p><p><span style=\"font-weight: 500;\">El \u00fanico objeto de los enlaces es proporcionar al usuario la posibilidad de acceder a dichos enlaces. Andrea Rodr\u00edguez L\u00f3pez no se responsabiliza en ning\u00fan caso de los resultados que puedan derivarse al usuario por el acceso a dichos enlaces.<\/span><\/p><p><span style=\"font-weight: 500;\">El usuario que se proponga establecer cualquier dispositivo t\u00e9cnico de enlace desde su sitio web al portal deber\u00e1 obtener la autorizaci\u00f3n previa y escrita de la titular de este sitio web. El establecimiento del enlace no implica en ning\u00fan caso la existencia de relaciones entre Andrea Rodr\u00edguez L\u00f3pez y el propietario del sitio en el que se establezca el enlace, ni la aceptaci\u00f3n o aprobaci\u00f3n por parte de Andrea Rodr\u00edguez L\u00f3pez de sus contenidos o servicios.<\/span><\/p><p><span style=\"font-weight: 500;\">El sitio web en el que se establezca el enlace no contendr\u00e1 ninguna marca, denominaci\u00f3n, logotipo, eslogan u otros signos distintivos pertenecientes al titular de este sitio web, salvo aquellos que expresamente sean autorizados por el mismo.<\/span><\/p><p>\u00a0<\/p><p><b>MODIFICACI\u00d3N UNILATERAL Y DURACI\u00d3N\u00a0<\/b><\/p><p><span style=\"font-weight: 500;\">Andr\u00e9s Sanjurjo Garc\u00eda se reserva el derecho de modificar, en cualquier momento y sin necesidad de previo aviso, la presentaci\u00f3n y configuraci\u00f3n del sitio web, as\u00ed como del presente Aviso Legal.<\/span><\/p><p>\u00a0<\/p><p><b>EXCLUSI\u00d3N DE GARANT\u00cdAS Y RESPONSABILIDAD\u00a0<\/b><\/p><p><span style=\"font-weight: 500;\">Acari\u00f1o Films no otorga ninguna garant\u00eda ni se hace responsable, en ning\u00fan caso, de los da\u00f1os y perjuicios de cualquier naturaleza que pudieran surgir a causa de:<\/span><\/p><p><b>&#8211; <\/b><span style=\"font-weight: 500;\">La falta disponibilidad, mantenimiento y efectivo funcionamiento del sitio web y\/o de sus servicios o contenidos.<\/span><\/p><p><span style=\"font-weight: 500;\">&#8211; La existencia de virus, programas maliciosos o lesivos en los contenidos.<\/span><\/p><p><b>&#8211;<\/b><span style=\"font-weight: 500;\"> El uso il\u00edcito, negligente, fraudulento, contrario a las presentes condiciones, a la buena fe, a los usos generalmente aceptados o al orden p\u00fablico, del sitio Web, sus servicios o contenidos, por parte de los usuarios.<\/span><\/p><p><span style=\"font-weight: 500;\">En el caso de que un usuario o un tercero consideren que se ha producido una violaci\u00f3n de sus leg\u00edtimos derechos por la introducci\u00f3n de un determinado contenido en el sitio web o por cualquier otra causa, deber\u00e1 notificar dicha circunstancia a Andr\u00e9s Sanjurjo Garc\u00eda como titular de la web a trav\u00e9s de la direcci\u00f3n de correo electr\u00f3nico<\/span> <span style=\"font-weight: 500;\">acarinofilms@gmail.com<\/span> <span style=\"font-weight: 500;\">indicando:<\/span><\/p><ul><li><b><\/b><span style=\"font-weight: 500;\"> Datos personales del interesado titular de los derechos presuntamente infringidos, o indicar la representaci\u00f3n con la que act\u00faa en caso de que la reclamaci\u00f3n la presente un tercero distinto del interesado.<\/span><\/li><li><b><\/b><span style=\"font-weight: 500;\"> Se\u00f1alar los contenidos protegidos y su ubicaci\u00f3n en el sitio web, la acreditaci\u00f3n de los derechos se\u00f1alados y declaraci\u00f3n expresa en la que el interesado se responsabiliza de la veracidad de las informaciones facilitadas en la notificaci\u00f3n.<\/span><\/li><\/ul><p>\u00a0<\/p><p><b>TRATAMIENTO DE DATOS PERSONALES\u00a0<\/b><\/p><p><span style=\"font-weight: 500;\">Acari\u00f1o Films tal y como recoge en su <\/span><b>\u201cPOL\u00cdTICA DE PRIVACIDAD\u201d<\/b><span style=\"font-weight: 500;\"> que puede consultar en este sitio web, ha adoptado los niveles de seguridad adecuados a los datos que trata y gestiona en el sitio web, incorporando todos los medios y medidas t\u00e9cnicas a su alcance para garantizar su confidencialidad, evitar su mal uso, p\u00e9rdida, alteraci\u00f3n, acceso no autorizado y robo de los mismos.<\/span><\/p><p>\u00a0<\/p><p><b>LEGISLACI\u00d3N APLICABLE Y JURISDICCI\u00d3N\u00a0<\/b><\/p><p><span style=\"font-weight: 500;\">Las presentes Condiciones se regir\u00e1n por la legislaci\u00f3n espa\u00f1ola, sometidas a los juzgados y tribunales de la ciudad de A Coru\u00f1a (Espa\u00f1a) ante cualquier controversia derivada del acceso al sitio web.<\/span><\/p><p>\u00a0<\/p><p><b>CONTACTO<\/b><b>\u00a0<\/b><\/p><p><span style=\"font-weight: 500;\">En caso de que cualquier usuario tuviese alguna duda acerca del presente Aviso Legal o cualquier comentario sobre el mismo puede dirigirse al titular del sitio web a trav\u00e9s de la direcci\u00f3n de correo electr\u00f3nico <a href=\"mailto:info@acarinofilms.com\">info@acarinofilms.com<\/a><\/span><\/p><p><br \/><br \/><br \/><\/p>\t\t\t\t\t\t\t\t<\/div>\n\t\t\t\t<\/div>\n\t\t\t\t\t<\/div>\n\t\t<\/div>\n\t\t\t\t\t<\/div>\n\t\t<\/section>\n\t\t\t\t\t<\/div>\n\t\t<\/div>\n\t\t\t\t\t<\/div>\n\t\t<\/section>\n\t\t\t\t<\/div>\n\t\t","protected":false},"excerpt":{"rendered":"<p>Legal Warning AVISO LEGAL WEB\u00a0 Por favor, lea todos los apartados del presente Aviso Legal antes de utilizar este sitio web. Las siguientes condiciones son vinculantes para cualquier usuario del mismo.\u00a0 En cumplimiento con el deber de informaci\u00f3n dispuesto en la Ley 34\/2002 de Servicios de la Sociedad de la Informaci\u00f3n y el Comercio Electr\u00f3nico [&hellip;]<\/p>\n","protected":false},"author":1,"featured_media":0,"parent":0,"menu_order":0,"comment_status":"closed","ping_status":"closed","template":"","meta":{"inline_featured_image":false,"footnotes":""},"class_list":["post-1317","page","type-page","status-publish","hentry"],"_links":{"self":[{"href":"https:\/\/acarinofilms.com\/en\/wp-json\/wp\/v2\/pages\/1317","targetHints":{"allow":["GET"]}}],"collection":[{"href":"https:\/\/acarinofilms.com\/en\/wp-json\/wp\/v2\/pages"}],"about":[{"href":"https:\/\/acarinofilms.com\/en\/wp-json\/wp\/v2\/types\/page"}],"author":[{"embeddable":true,"href":"https:\/\/acarinofilms.com\/en\/wp-json\/wp\/v2\/users\/1"}],"replies":[{"embeddable":true,"href":"https:\/\/acarinofilms.com\/en\/wp-json\/wp\/v2\/comments?post=1317"}],"version-history":[{"count":4,"href":"https:\/\/acarinofilms.com\/en\/wp-json\/wp\/v2\/pages\/1317\/revisions"}],"predecessor-version":[{"id":1477,"href":"https:\/\/acarinofilms.com\/en\/wp-json\/wp\/v2\/pages\/1317\/revisions\/1477"}],"wp:attachment":[{"href":"https:\/\/acarinofilms.com\/en\/wp-json\/wp\/v2\/media?parent=1317"}],"curies":[{"name":"wp","href":"https:\/\/api.w.org\/{rel}","templated":true}]}}