{"id":1321,"date":"2022-03-11T18:39:43","date_gmt":"2022-03-11T18:39:43","guid":{"rendered":"https:\/\/acarinofilms.com\/politica-de-cookies\/"},"modified":"2025-01-31T13:02:19","modified_gmt":"2025-01-31T13:02:19","slug":"politica-de-cookies","status":"publish","type":"page","link":"https:\/\/acarinofilms.com\/es\/politica-de-cookies\/","title":{"rendered":"Pol\u00edtica de cookies"},"content":{"rendered":"\t\t<div data-elementor-type=\"wp-page\" data-elementor-id=\"1321\" class=\"elementor elementor-1321 elementor-191\" data-elementor-post-type=\"page\">\n\t\t\t\t\t\t<section class=\"elementor-section elementor-top-section elementor-element elementor-element-8f70c15 elementor-section-boxed elementor-section-height-default elementor-section-height-default\" data-id=\"8f70c15\" data-element_type=\"section\">\n\t\t\t\t\t\t<div class=\"elementor-container elementor-column-gap-default\">\n\t\t\t\t\t<div class=\"elementor-column elementor-col-100 elementor-top-column elementor-element elementor-element-0861fff\" data-id=\"0861fff\" data-element_type=\"column\">\n\t\t\t<div class=\"elementor-widget-wrap elementor-element-populated\">\n\t\t\t\t\t\t<section class=\"elementor-section elementor-inner-section elementor-element elementor-element-e41abc2 elementor-section-boxed elementor-section-height-default elementor-section-height-default\" data-id=\"e41abc2\" data-element_type=\"section\">\n\t\t\t\t\t\t<div class=\"elementor-container elementor-column-gap-default\">\n\t\t\t\t\t<div class=\"elementor-column elementor-col-100 elementor-inner-column elementor-element elementor-element-3414de6\" data-id=\"3414de6\" data-element_type=\"column\">\n\t\t\t<div class=\"elementor-widget-wrap elementor-element-populated\">\n\t\t\t\t\t\t<div class=\"elementor-element elementor-element-5d46027 fondo-titulo elementor-widget__width-initial elementor-widget elementor-widget-heading\" data-id=\"5d46027\" data-element_type=\"widget\" data-widget_type=\"heading.default\">\n\t\t\t\t<div class=\"elementor-widget-container\">\n\t\t\t\t\t<h1 class=\"elementor-heading-title elementor-size-default\">Pol\u00edtica de cookies<\/h1>\t\t\t\t<\/div>\n\t\t\t\t<\/div>\n\t\t\t\t\t<\/div>\n\t\t<\/div>\n\t\t\t\t\t<\/div>\n\t\t<\/section>\n\t\t\t\t<section class=\"elementor-section elementor-inner-section elementor-element elementor-element-f771457 elementor-section-boxed elementor-section-height-default elementor-section-height-default\" data-id=\"f771457\" data-element_type=\"section\">\n\t\t\t\t\t\t<div class=\"elementor-container elementor-column-gap-default\">\n\t\t\t\t\t<div class=\"elementor-column elementor-col-100 elementor-inner-column elementor-element elementor-element-d7d7460\" data-id=\"d7d7460\" data-element_type=\"column\">\n\t\t\t<div class=\"elementor-widget-wrap elementor-element-populated\">\n\t\t\t\t\t\t<div class=\"elementor-element elementor-element-9e2ee6e elementor-widget elementor-widget-text-editor\" data-id=\"9e2ee6e\" data-element_type=\"widget\" data-widget_type=\"text-editor.default\">\n\t\t\t\t<div class=\"elementor-widget-container\">\n\t\t\t\t\t\t\t\t\t<p><b>AVISO DE COOKIES<\/b><\/p>\n<p><b>Esta p\u00e1gina web usa cookies<\/b><\/p>\n<p>Las cookies de este sitio web pueden usarse para personalizar el contenido y los anuncios, ofrecer funciones de redes sociales y analizar el tr\u00e1fico. Adem\u00e1s, compartimos informaci\u00f3n sobre el uso que haga del sitio web con nuestros partners de redes sociales, publicidad y an\u00e1lisis web, los cuales pueden combinarla con otra informaci\u00f3n que se haya proporcionado o que hayan recopilado a partir del uso que haya hecho de sus servicios.<\/p>\n<p><strong>\u00a0<\/strong><\/p>\n<p><strong>DEFINICI\u00d3N DE COOKIES<\/strong><\/p>\n<p>Las cookies son identificadores que enviamos al disco duro de su ordenador a trav\u00e9s de su navegador web con el fin de que nuestros sistemas puedan reconocer su navegador y ofrecerle ciertos servicios.<\/p>\n<p>Esta p\u00e1gina utiliza tipos diferentes de cookies. Algunas cookies son colocadas por servicios de terceros que aparecen en nuestras p\u00e1ginas.<\/p>\n<p>A continuaci\u00f3n, indicamos las cookies que utiliza la p\u00e1gina <a href=\"https:\/\/www.acarinofilms.com\/\">https:\/\/www.acarinofilms.com\/<\/a><\/p>\n<p><strong>\u00a0<\/strong><\/p>\n<p><strong>COOKIES UTILIZADAS<\/strong><\/p>\n<p><b>Cookies necesarias<\/b><\/p>\n<p>Las cookies necesarias ayudan a hacer una p\u00e1gina web utilizable activando funciones b\u00e1sicas como a navegaci\u00f3n en la p\u00e1gina y el acceso a \u00e1reas seguras de la p\u00e1gina web. La p\u00e1gina web no puede funcionar adecuadamente sin estas cookies.<\/p>\n<table>\n<thead>\n<tr>\n<th>Nombre<\/th>\n<th>Proveedor<\/th>\n<th>Prop\u00f3sito<\/th>\n<th>Caducidad<\/th>\n<\/tr>\n<\/thead>\n<tbody>\n<tr>\n<td>cookie-agreed<\/td>\n<td>WordPress<\/td>\n<td>Saber si por ejemplo el usuario ha aceptado la advertencia das cookies<\/td>\n<td>3 meses<\/td>\n<\/tr>\n<tr>\n<td>wordpress_test_cookie<\/td>\n<td>WordPress<\/td>\n<td>Comprueba y guarda si las cookies est\u00e1n activadas en el navegador<\/td>\n<td>Sesi\u00f3n<\/td>\n<\/tr>\n<tr>\n<td>viewed_cookie_policy<\/td>\n<td>Plugin GRPD WordPress<\/td>\n<td>Es la cookie principal que registra el consentimiento del usuario para el uso de las cookies al \u00abaceptar\u00bb y \u00abrechazar\u00bb. No rastrea ning\u00fan dato personal y se establece solo en el momento de la acci\u00f3n del usuario (aceptar\/rechazar)<\/td>\n<td>Sesi\u00f3n<\/td>\n<\/tr>\n<tr>\n<td>CookieLawInfoConsent<\/td>\n<td>Plugin GRPD WordPress<\/td>\n<td>Registra el estado del bot\u00f3n por defecto de la categor\u00eda correspondiente y el estado de la CCPA. S\u00f3lo funciona en coordinaci\u00f3n con la cookie principal<\/td>\n<td>Sesi\u00f3n<\/td>\n<\/tr>\n<tr>\n<td>cookielawinfo-checkbox-necessary<\/td>\n<td>Plugin GRPD WordPress<\/td>\n<td>Registra el estado del bot\u00f3n por defecto de la categor\u00eda correspondiente. S\u00f3lo funciona en coordinaci\u00f3n coa cookie principal<\/td>\n<td>Sesi\u00f3n<\/td>\n<\/tr>\n<tr>\n<td>cookielawinfo-checkbox-non-necessary<\/td>\n<td>Plugin GRPD WordPress<\/td>\n<td>Registra el estado del bot\u00f3n por defecto de la categor\u00eda correspondiente. S\u00f3lo funciona en coordinaci\u00f3n con la cookie principal<\/td>\n<td>Sesi\u00f3n<\/td>\n<\/tr>\n<\/tbody>\n<\/table>\n<p><strong>\u00a0<\/strong><\/p>\n<p><strong>COOKIES DE ESTAD\u00cdSTICAS<\/strong><\/p>\n<p><strong>Cookies no necesarias<\/strong><\/p>\n<p>Las cookies estad\u00edsticas ayudan a los propietarios de p\u00e1ginas web a comprender c\u00f3mo interact\u00faan los visitantes con las p\u00e1ginas web reuniendo y proporcionando informaci\u00f3n de forma an\u00f3nima.<\/p>\n<p>Para deshabilitar las cookies de Google Analytics, puede instalar el complemento inhabilitaci\u00f3n para navegadores de Google Analytics que le permitir\u00e1 no mandar informaci\u00f3n estad\u00edstica.<\/p>\n<table>\n<thead>\n<tr>\n<th>Nombre<\/th>\n<th>Proveedor<\/th>\n<th>Prop\u00f3sito<\/th>\n<th>Caducidad<\/th>\n<\/tr>\n<\/thead>\n<tbody>\n<tr>\n<td>_ga<\/td>\n<td>Google Analytics<\/td>\n<td>Registra una identificaci\u00f3n \u00fanica que se utiliza para generar datos estad\u00edsticos acerca de como utiliza el visitante el sitio web<\/td>\n<td>2 a\u00f1os<\/td>\n<\/tr>\n<tr>\n<td>_gid<\/td>\n<td>Google Analytics<\/td>\n<td>Registra una identificaci\u00f3n \u00fanica que se utiliza para generar datos estad\u00edsticos acerca de como utiliza el visitante el sitio web<\/td>\n<td>1 d\u00eda<\/td>\n<\/tr>\n<tr>\n<td>_gat<\/td>\n<td>Google Analytics<\/td>\n<td>Se usa para limitar el porcentaje de solicitudes<\/td>\n<td>Cookie de sesi\u00f3n<\/td>\n<\/tr>\n<\/tbody>\n<\/table>\n<p><strong>\u00a0<\/strong><\/p>\n<p><strong>Como habilitar \/ deshabilitar as cookies nos principais navegadores:<\/strong><\/p>\n<p>Normalmente es posible dejar de aceptar las cookies del navegador, o dejar de aceptar las cookies de un Servicio en particular.<\/p>\n<p>Todos los navegadores actuales, permiten cambiar la configuraci\u00f3n de cookies. Estos ajustes se encuentran normalmente en las \u201copciones\u201d o \u201cpreferencias\u201d del men\u00fa de su navegador. Asimismo, puede configurar su navegador o su gestor de correo electr\u00f3nico.<\/p>\n<p>A continuaci\u00f3n, se ofrece orientaci\u00f3n al usuario sobre los pasos para acceder al men\u00fa de configuraci\u00f3n de las cookies y, en su caso, de la navegaci\u00f3n privada en cada uno de los navegadores principales:<\/p>\n<p><b>Internet Explorer:<\/b> <i>Herramientas -&gt; Opciones de Internet -&gt; Privacidad -&gt; Configuraci\u00f3n<\/i>. Para m\u00e1s informaci\u00f3n, puede consultar el\u00a0<a href=\"http:\/\/windows.microsoft.com\/es-ES\/windows\/support\">soporte de Microsoft<\/a> o la <i>Ayuda<\/i> del navegador.<\/p>\n<p><b>Firefox:<\/b> <i>Herramientas -&gt; Opciones -&gt; Privacidad -&gt; Historial -&gt; Configuraci\u00f3n Personalizada<\/i>. Para m\u00e1s informaci\u00f3n, puede consultar el <a href=\"http:\/\/support.mozilla.org\/es\/home\">soporte de Mozilla<\/a> o la <i>Ayuda<\/i> del navegador.<\/p>\n<p><b>Chrome:<\/b> <i>Configuraci\u00f3n -&gt; Mostrar opciones avanzadas -&gt; Privacidad -&gt; Configuraci\u00f3n de contenido<\/i>. Para m\u00e1s informaci\u00f3n, puede consultar el <a href=\"http:\/\/support.google.com\/chrome\/?hl=es\">soporte de Google<\/a> o la <i>Ayuda<\/i> del navegador.<\/p>\n<p><b>Safari:<\/b> <i>Preferencias -&gt; Seguridad<\/i>. Para m\u00e1s informaci\u00f3n, puede consultar el <a href=\"http:\/\/www.apple.com\/es\/support\/safari\/\">soporte de Apple<\/a> o la <i>Ayuda<\/i> del navegador.<\/p>\n<p><b>\u00a0<\/b><\/p>\n<p><b>\u00bfQu\u00e9 ocurre cuando se deshabilitan las cookies?<\/b><\/p>\n<p>Algunas funcionalidades de los Servicios quedar\u00e1n deshabilitadas como, por ejemplo, permanecer identificado, mantener las compras en el \u201ccarrito de la compra\u201d, etc.<\/p>\n\t\t\t\t\t\t\t\t<\/div>\n\t\t\t\t<\/div>\n\t\t\t\t\t<\/div>\n\t\t<\/div>\n\t\t\t\t\t<\/div>\n\t\t<\/section>\n\t\t\t\t\t<\/div>\n\t\t<\/div>\n\t\t\t\t\t<\/div>\n\t\t<\/section>\n\t\t\t\t<\/div>\n\t\t","protected":false},"excerpt":{"rendered":"<p>Pol\u00edtica de cookies AVISO DE COOKIES Esta p\u00e1gina web usa cookies Las cookies de este sitio web pueden usarse para personalizar el contenido y los anuncios, ofrecer funciones de redes sociales y analizar el tr\u00e1fico. Adem\u00e1s, compartimos informaci\u00f3n sobre el uso que haga del sitio web con nuestros partners de redes sociales, publicidad y an\u00e1lisis [&hellip;]<\/p>\n","protected":false},"author":1,"featured_media":0,"parent":0,"menu_order":0,"comment_status":"closed","ping_status":"closed","template":"","meta":{"inline_featured_image":false,"footnotes":""},"class_list":["post-1321","page","type-page","status-publish","hentry"],"_links":{"self":[{"href":"https:\/\/acarinofilms.com\/es\/wp-json\/wp\/v2\/pages\/1321","targetHints":{"allow":["GET"]}}],"collection":[{"href":"https:\/\/acarinofilms.com\/es\/wp-json\/wp\/v2\/pages"}],"about":[{"href":"https:\/\/acarinofilms.com\/es\/wp-json\/wp\/v2\/types\/page"}],"author":[{"embeddable":true,"href":"https:\/\/acarinofilms.com\/es\/wp-json\/wp\/v2\/users\/1"}],"replies":[{"embeddable":true,"href":"https:\/\/acarinofilms.com\/es\/wp-json\/wp\/v2\/comments?post=1321"}],"version-history":[{"count":2,"href":"https:\/\/acarinofilms.com\/es\/wp-json\/wp\/v2\/pages\/1321\/revisions"}],"predecessor-version":[{"id":2360,"href":"https:\/\/acarinofilms.com\/es\/wp-json\/wp\/v2\/pages\/1321\/revisions\/2360"}],"wp:attachment":[{"href":"https:\/\/acarinofilms.com\/es\/wp-json\/wp\/v2\/media?parent=1321"}],"curies":[{"name":"wp","href":"https:\/\/api.w.org\/{rel}","templated":true}]}}