{"id":726,"date":"2022-03-11T12:54:48","date_gmt":"2022-03-11T12:54:48","guid":{"rendered":"https:\/\/acarinofilms.com\/quienes-somos\/"},"modified":"2025-01-31T20:36:00","modified_gmt":"2025-01-31T20:36:00","slug":"quienes-somos","status":"publish","type":"page","link":"https:\/\/acarinofilms.com\/es\/quienes-somos\/","title":{"rendered":"qui\u00e9nes somos"},"content":{"rendered":"\t\t<div data-elementor-type=\"wp-page\" data-elementor-id=\"726\" class=\"elementor elementor-726 elementor-91\" data-elementor-post-type=\"page\">\n\t\t\t\t\t\t<section class=\"elementor-section elementor-top-section elementor-element elementor-element-4ba226bb elementor-section-full_width elementor-section-height-min-height elementor-hidden-mobile elementor-section-content-middle elementor-section-height-default elementor-section-items-middle\" data-id=\"4ba226bb\" data-element_type=\"section\" id=\"inicio\" data-settings=\"{&quot;background_background&quot;:&quot;classic&quot;}\">\n\t\t\t\t\t\t\t<div class=\"elementor-background-overlay\"><\/div>\n\t\t\t\t\t\t\t<div class=\"elementor-container elementor-column-gap-default\">\n\t\t\t\t\t<div class=\"elementor-column elementor-col-100 elementor-top-column elementor-element elementor-element-2dd1b7a4\" data-id=\"2dd1b7a4\" data-element_type=\"column\" data-settings=\"{&quot;background_background&quot;:&quot;classic&quot;}\">\n\t\t\t<div class=\"elementor-widget-wrap elementor-element-populated\">\n\t\t\t\t\t\t<div class=\"elementor-element elementor-element-3a1f710 elementor-widget elementor-widget-heading\" data-id=\"3a1f710\" data-element_type=\"widget\" data-widget_type=\"heading.default\">\n\t\t\t\t<div class=\"elementor-widget-container\">\n\t\t\t\t\t<h2 class=\"elementor-heading-title elementor-size-default\">QUI\u00c9NES SOMOS<\/h2>\t\t\t\t<\/div>\n\t\t\t\t<\/div>\n\t\t\t\t\t<\/div>\n\t\t<\/div>\n\t\t\t\t\t<\/div>\n\t\t<\/section>\n\t\t\t\t<section class=\"elementor-section elementor-top-section elementor-element elementor-element-ca9c3c0 elementor-section-full_width elementor-section-height-min-height elementor-hidden-desktop elementor-hidden-tablet elementor-section-content-middle elementor-section-height-default elementor-section-items-middle\" data-id=\"ca9c3c0\" data-element_type=\"section\" data-settings=\"{&quot;background_background&quot;:&quot;classic&quot;}\">\n\t\t\t\t\t\t\t<div class=\"elementor-background-overlay\"><\/div>\n\t\t\t\t\t\t\t<div class=\"elementor-container elementor-column-gap-default\">\n\t\t\t\t\t<div class=\"elementor-column elementor-col-100 elementor-top-column elementor-element elementor-element-e94cb2a\" data-id=\"e94cb2a\" data-element_type=\"column\" data-settings=\"{&quot;background_background&quot;:&quot;classic&quot;}\">\n\t\t\t<div class=\"elementor-widget-wrap\">\n\t\t\t\t\t\t\t<\/div>\n\t\t<\/div>\n\t\t\t\t\t<\/div>\n\t\t<\/section>\n\t\t\t\t<section class=\"elementor-section elementor-top-section elementor-element elementor-element-f97867d elementor-section-boxed elementor-section-height-default elementor-section-height-default\" data-id=\"f97867d\" data-element_type=\"section\">\n\t\t\t\t\t\t<div class=\"elementor-container elementor-column-gap-default\">\n\t\t\t\t\t<div class=\"elementor-column elementor-col-50 elementor-top-column elementor-element elementor-element-c397c83\" data-id=\"c397c83\" data-element_type=\"column\">\n\t\t\t<div class=\"elementor-widget-wrap elementor-element-populated\">\n\t\t\t\t\t\t<div class=\"elementor-element elementor-element-13e90e4 fondo-amarillo elementor-hidden-desktop elementor-widget elementor-widget-heading\" data-id=\"13e90e4\" data-element_type=\"widget\" data-widget_type=\"heading.default\">\n\t\t\t\t<div class=\"elementor-widget-container\">\n\t\t\t\t\t<h2 class=\"elementor-heading-title elementor-size-default\">qui\u00e9nes somos<\/h2>\t\t\t\t<\/div>\n\t\t\t\t<\/div>\n\t\t\t\t<section class=\"elementor-section elementor-inner-section elementor-element elementor-element-8d5faa7 elementor-section-boxed elementor-section-height-default elementor-section-height-default\" data-id=\"8d5faa7\" data-element_type=\"section\">\n\t\t\t\t\t\t<div class=\"elementor-container elementor-column-gap-default\">\n\t\t\t\t\t<div class=\"elementor-column elementor-col-100 elementor-inner-column elementor-element elementor-element-bb66b42 separador-izqda elementor-hidden-desktop elementor-hidden-tablet\" data-id=\"bb66b42\" data-element_type=\"column\">\n\t\t\t<div class=\"elementor-widget-wrap elementor-element-populated\">\n\t\t\t\t\t\t<div class=\"elementor-element elementor-element-d4ec91e elementor-widget elementor-widget-text-editor\" data-id=\"d4ec91e\" data-element_type=\"widget\" data-widget_type=\"text-editor.default\">\n\t\t\t\t<div class=\"elementor-widget-container\">\n\t\t\t\t\t\t\t\t\t<p>acari\u00f1ar (RAG)*<\/p>\n\t\t\t\t\t\t\t\t<\/div>\n\t\t\t\t<\/div>\n\t\t\t\t<div class=\"elementor-element elementor-element-6d3f140 elementor-widget elementor-widget-text-editor\" data-id=\"6d3f140\" data-element_type=\"widget\" data-widget_type=\"text-editor.default\">\n\t\t\t\t<div class=\"elementor-widget-container\">\n\t\t\t\t\t\t\t\t\t<p>*Real Academia Gallega<\/p>\n\t\t\t\t\t\t\t\t<\/div>\n\t\t\t\t<\/div>\n\t\t\t\t<div class=\"elementor-element elementor-element-e45f2eb elementor-widget elementor-widget-text-editor\" data-id=\"e45f2eb\" data-element_type=\"widget\" data-widget_type=\"text-editor.default\">\n\t\t\t\t<div class=\"elementor-widget-container\">\n\t\t\t\t\t\t\t\t\t<p>1.Tratar con cari\u00f1o.<\/p>\n<p>2.Hacerle caricias a alguien.<\/p>\n\t\t\t\t\t\t\t\t<\/div>\n\t\t\t\t<\/div>\n\t\t\t\t\t<\/div>\n\t\t<\/div>\n\t\t\t\t\t<\/div>\n\t\t<\/section>\n\t\t\t\t<section class=\"elementor-section elementor-inner-section elementor-element elementor-element-73074c1 elementor-section-boxed elementor-section-height-default elementor-section-height-default\" data-id=\"73074c1\" data-element_type=\"section\">\n\t\t\t\t\t\t<div class=\"elementor-container elementor-column-gap-default\">\n\t\t\t\t\t<div class=\"elementor-column elementor-col-100 elementor-inner-column elementor-element elementor-element-f2f0421\" data-id=\"f2f0421\" data-element_type=\"column\">\n\t\t\t<div class=\"elementor-widget-wrap elementor-element-populated\">\n\t\t\t\t\t\t<div class=\"elementor-element elementor-element-b292038 elementor-widget elementor-widget-text-editor\" data-id=\"b292038\" data-element_type=\"widget\" data-widget_type=\"text-editor.default\">\n\t\t\t\t<div class=\"elementor-widget-container\">\n\t\t\t\t\t\t\t\t\t<p><span style=\"font-weight: 400;\">Acari\u00f1o Films nace en 2019 como un espacio desde el cual producir de otra forma.<\/span><\/p>\n<p><span style=\"font-weight: 400;\">Nuestra filosof\u00eda parte de comprender que cada pel\u00edcula requiere sus tiempos y sus m\u00e9todos, as\u00ed como una mirada art\u00edstica autoral que ha de ser respetada y potenciada por la producci\u00f3n.<\/span><\/p>\n<p><span style=\"font-weight: 400;\">Perseguimos el objetivo de conseguir que proyectos cinematogr\u00e1ficos innovadores salgan a la luz, priorizando la calidad del proceso y el resultado final.<\/span><\/p>\n<p><span style=\"font-weight: 400;\">Es por ello que realizamos producciones a la medida de cada proyecto: ofreciendo asesoramiento creativo, buscando apoyo financiero, garantizando la libertad art\u00edstica de la (o el) cineasta y asegur\u00e1ndonos de que existan unas condiciones igualitarias de producci\u00f3n.<\/span><\/p>\n<p><span style=\"font-weight: 400;\">Conscientes de la dificultad de autoproducirse de cada cineasta, Acari\u00f1o pretende ser un entorno en el que esas propuestas ins\u00f3litas y arriesgadas puedan tener un contexto en donde crecer y desarrollarse.<\/span><\/p>\n<p><span style=\"font-weight: 400;\">Una isla m\u00e1s dentro del archipi\u00e9lago de \u201cresistencia\u201d que ofrece la cinematograf\u00eda independiente mundial.<\/span><\/p>\n\t\t\t\t\t\t\t\t<\/div>\n\t\t\t\t<\/div>\n\t\t\t\t\t<\/div>\n\t\t<\/div>\n\t\t\t\t\t<\/div>\n\t\t<\/section>\n\t\t\t\t\t<\/div>\n\t\t<\/div>\n\t\t\t\t<div class=\"elementor-column elementor-col-50 elementor-top-column elementor-element elementor-element-c0151bb elementor-hidden-mobile\" data-id=\"c0151bb\" data-element_type=\"column\">\n\t\t\t<div class=\"elementor-widget-wrap elementor-element-populated\">\n\t\t\t\t\t\t<section class=\"elementor-section elementor-inner-section elementor-element elementor-element-4d7fe3e elementor-section-boxed elementor-section-height-default elementor-section-height-default\" data-id=\"4d7fe3e\" data-element_type=\"section\">\n\t\t\t\t\t\t<div class=\"elementor-container elementor-column-gap-default\">\n\t\t\t\t\t<div class=\"elementor-column elementor-col-100 elementor-inner-column elementor-element elementor-element-2531336 separador-izqda\" data-id=\"2531336\" data-element_type=\"column\">\n\t\t\t<div class=\"elementor-widget-wrap elementor-element-populated\">\n\t\t\t\t\t\t<div class=\"elementor-element elementor-element-4ac7a80 elementor-widget elementor-widget-text-editor\" data-id=\"4ac7a80\" data-element_type=\"widget\" data-widget_type=\"text-editor.default\">\n\t\t\t\t<div class=\"elementor-widget-container\">\n\t\t\t\t\t\t\t\t\t<p>acari\u00f1ar (RAG)*<\/p>\n\t\t\t\t\t\t\t\t<\/div>\n\t\t\t\t<\/div>\n\t\t\t\t<div class=\"elementor-element elementor-element-1516c0f elementor-widget elementor-widget-text-editor\" data-id=\"1516c0f\" data-element_type=\"widget\" data-widget_type=\"text-editor.default\">\n\t\t\t\t<div class=\"elementor-widget-container\">\n\t\t\t\t\t\t\t\t\t<p>*Real Academia Gallega<\/p>\n\t\t\t\t\t\t\t\t<\/div>\n\t\t\t\t<\/div>\n\t\t\t\t<div class=\"elementor-element elementor-element-3e41cac elementor-widget elementor-widget-text-editor\" data-id=\"3e41cac\" data-element_type=\"widget\" data-widget_type=\"text-editor.default\">\n\t\t\t\t<div class=\"elementor-widget-container\">\n\t\t\t\t\t\t\t\t\t<p>1.Tratar con cari\u00f1o.<\/p>\n<p>2.Hacerle caricias a alguien.<\/p>\n\t\t\t\t\t\t\t\t<\/div>\n\t\t\t\t<\/div>\n\t\t\t\t\t<\/div>\n\t\t<\/div>\n\t\t\t\t\t<\/div>\n\t\t<\/section>\n\t\t\t\t\t<\/div>\n\t\t<\/div>\n\t\t\t\t\t<\/div>\n\t\t<\/section>\n\t\t\t\t<section class=\"elementor-section elementor-top-section elementor-element elementor-element-7faf00e elementor-section-boxed elementor-section-height-default elementor-section-height-default\" data-id=\"7faf00e\" data-element_type=\"section\" data-settings=\"{&quot;background_background&quot;:&quot;classic&quot;}\">\n\t\t\t\t\t\t<div class=\"elementor-container elementor-column-gap-default\">\n\t\t\t\t\t<div class=\"elementor-column elementor-col-100 elementor-top-column elementor-element elementor-element-a52bf43\" data-id=\"a52bf43\" data-element_type=\"column\">\n\t\t\t<div class=\"elementor-widget-wrap elementor-element-populated\">\n\t\t\t\t\t\t<section class=\"elementor-section elementor-inner-section elementor-element elementor-element-ed924c0 elementor-section-boxed elementor-section-height-default elementor-section-height-default\" data-id=\"ed924c0\" data-element_type=\"section\">\n\t\t\t\t\t\t<div class=\"elementor-container elementor-column-gap-default\">\n\t\t\t\t\t<div class=\"elementor-column elementor-col-50 elementor-inner-column elementor-element elementor-element-34cc747 elementor-hidden-tablet elementor-hidden-mobile\" data-id=\"34cc747\" data-element_type=\"column\">\n\t\t\t<div class=\"elementor-widget-wrap elementor-element-populated\">\n\t\t\t\t\t\t<div class=\"elementor-element elementor-element-368678f elementor-cta--layout-image-above elementor-hidden-mobile elementor-hidden-tablet elementor-cta--skin-classic elementor-widget elementor-widget-call-to-action\" data-id=\"368678f\" data-element_type=\"widget\" data-widget_type=\"call-to-action.default\">\n\t\t\t\t<div class=\"elementor-widget-container\">\n\t\t\t\t\t\t\t<div class=\"elementor-cta\">\n\t\t\t\t\t<div class=\"elementor-cta__bg-wrapper\">\n\t\t\t\t<div class=\"elementor-cta__bg elementor-bg\" style=\"background-image: url(https:\/\/acarinofilms.com\/wp-content\/uploads\/2022\/11\/andres-sanjurjo-by-andrea-rodriguez-bn-web.jpg);\" role=\"img\" aria-label=\"andres-sanjurjo-by-andrea-rodriguez-bn-web\"><\/div>\n\t\t\t\t<div class=\"elementor-cta__bg-overlay\"><\/div>\n\t\t\t<\/div>\n\t\t\t\t\t\t\t\t<\/div>\n\t\t\t\t\t\t<\/div>\n\t\t\t\t<\/div>\n\t\t\t\t<div class=\"elementor-element elementor-element-7a73638 elementor-widget elementor-widget-text-editor\" data-id=\"7a73638\" data-element_type=\"widget\" data-widget_type=\"text-editor.default\">\n\t\t\t\t<div class=\"elementor-widget-container\">\n\t\t\t\t\t\t\t\t\t<p>\u00a9 By Andrea Rodr\u00edguez<\/p>\n\t\t\t\t\t\t\t\t<\/div>\n\t\t\t\t<\/div>\n\t\t\t\t\t<\/div>\n\t\t<\/div>\n\t\t\t\t<div class=\"elementor-column elementor-col-50 elementor-inner-column elementor-element elementor-element-f0b8d46\" data-id=\"f0b8d46\" data-element_type=\"column\">\n\t\t\t<div class=\"elementor-widget-wrap elementor-element-populated\">\n\t\t\t\t\t\t<div class=\"elementor-element elementor-element-7e5bff2 elementor-hidden-desktop elementor-widget elementor-widget-image\" data-id=\"7e5bff2\" data-element_type=\"widget\" data-widget_type=\"image.default\">\n\t\t\t\t<div class=\"elementor-widget-container\">\n\t\t\t\t\t\t\t\t\t\t\t\t\t\t\t<img fetchpriority=\"high\" decoding=\"async\" width=\"800\" height=\"534\" src=\"https:\/\/acarinofilms.com\/wp-content\/uploads\/2022\/11\/andres-sanjurjo-by-andrea-rodriguez-web-1024x683.jpg\" class=\"attachment-large size-large wp-image-1994\" alt=\"\" srcset=\"https:\/\/acarinofilms.com\/wp-content\/uploads\/2022\/11\/andres-sanjurjo-by-andrea-rodriguez-web-1024x683.jpg 1024w, https:\/\/acarinofilms.com\/wp-content\/uploads\/2022\/11\/andres-sanjurjo-by-andrea-rodriguez-web-300x200.jpg 300w, https:\/\/acarinofilms.com\/wp-content\/uploads\/2022\/11\/andres-sanjurjo-by-andrea-rodriguez-web-768x512.jpg 768w, https:\/\/acarinofilms.com\/wp-content\/uploads\/2022\/11\/andres-sanjurjo-by-andrea-rodriguez-web-1536x1024.jpg 1536w, https:\/\/acarinofilms.com\/wp-content\/uploads\/2022\/11\/andres-sanjurjo-by-andrea-rodriguez-web.jpg 1800w\" sizes=\"(max-width: 800px) 100vw, 800px\" \/>\t\t\t\t\t\t\t\t\t\t\t\t\t\t\t<\/div>\n\t\t\t\t<\/div>\n\t\t\t\t<div class=\"elementor-element elementor-element-becb70c elementor-widget elementor-widget-text-editor\" data-id=\"becb70c\" data-element_type=\"widget\" data-widget_type=\"text-editor.default\">\n\t\t\t\t<div class=\"elementor-widget-container\">\n\t\t\t\t\t\t\t\t\t<p>\u00a9 By Andrea Rodr\u00edguez<\/p>\n\t\t\t\t\t\t\t\t<\/div>\n\t\t\t\t<\/div>\n\t\t\t\t<div class=\"elementor-element elementor-element-3a5d0af fondo-blanco elementor-hidden-desktop elementor-widget-mobile__width-inherit elementor-widget elementor-widget-heading\" data-id=\"3a5d0af\" data-element_type=\"widget\" data-widget_type=\"heading.default\">\n\t\t\t\t<div class=\"elementor-widget-container\">\n\t\t\t\t\t<h2 class=\"elementor-heading-title elementor-size-default\">andr\u00e9s sanjurjo<\/h2>\t\t\t\t<\/div>\n\t\t\t\t<\/div>\n\t\t\t\t<div class=\"elementor-element elementor-element-38e77bc fondo-blanco elementor-widget__width-initial elementor-hidden-mobile elementor-hidden-tablet elementor-widget elementor-widget-heading\" data-id=\"38e77bc\" data-element_type=\"widget\" data-widget_type=\"heading.default\">\n\t\t\t\t<div class=\"elementor-widget-container\">\n\t\t\t\t\t<h2 class=\"elementor-heading-title elementor-size-default\">andr\u00e9s sanjurjo<\/h2>\t\t\t\t<\/div>\n\t\t\t\t<\/div>\n\t\t\t\t<div class=\"elementor-element elementor-element-453f363 elementor-widget elementor-widget-text-editor\" data-id=\"453f363\" data-element_type=\"widget\" data-widget_type=\"text-editor.default\">\n\t\t\t\t<div class=\"elementor-widget-container\">\n\t\t\t\t\t\t\t\t\t<p><span style=\"font-weight: 400;\">Estudi\u00e9 Comunicaci\u00f3n Audiovisual y me especialic\u00e9 en cine con varios m\u00e1steres y un doctorado que estoy cursando en la actualidad, lo que me llev\u00f3 a vivir entre Burgos, Oporto, Santiago de Chile, Barcelona y A Coru\u00f1a. <\/span><\/p>\n<p><span style=\"font-weight: 400;\">Tras finalizar la carrera hice unas breves pr\u00e1cticas profesionales en Zeitun Films, donde Felipe Lage se convirti\u00f3 en una suerte de maestro que me anim\u00f3 a autoproducir mi primera pel\u00edcula, Al\u00e9n Mar (actualmente en postproducci\u00f3n). <\/span><\/p>\n<p><span style=\"font-weight: 400;\">Adem\u00e1s, he trabajado para otras productoras de cine como Miramemira o Forastero, y con realizadores como Oliver Laxe, Santiago Fillol, Ra\u00fal Capdevila y Carlos Mart\u00ednez-Pe\u00f1alver. <\/span><\/p>\n<p><span style=\"font-weight: 400;\">Durante estos a\u00f1os, he complementado mi formaci\u00f3n reglada con seminarios y talleres con cineastas de la talla de Abbas Kiarostami, V\u00edctor Erice, Boris Lehman y Jodie Mack, y cr\u00edticos como Jonathan Rosembaum y Roger Koza.<\/span><\/p>\n<p><span style=\"font-weight: 400;\">Mi inquietud como cineasta y productor, me llev\u00f3 a la creaci\u00f3n de Acari\u00f1o Films en la b\u00fasqueda de nuevos medios de producci\u00f3n para mis pel\u00edculas y compartir esta experiencia produciendo a otros autores.<\/span><\/p>\n<p><span style=\"font-weight: 400;\">Si quieres conocer m\u00e1s de mi trayectoria profesional presiona <a style=\"color: #000000; font-weight: 600;\" href=\"https:\/\/www.acarinofilms.com\/wp-content\/uploads\/2022\/03\/ANDRES-cv-2022.pdf\" target=\"_blank\" rel=\"noopener\">aqu\u00ed<\/a>.<\/span><\/p>\n\t\t\t\t\t\t\t\t<\/div>\n\t\t\t\t<\/div>\n\t\t\t\t\t<\/div>\n\t\t<\/div>\n\t\t\t\t\t<\/div>\n\t\t<\/section>\n\t\t\t\t\t<\/div>\n\t\t<\/div>\n\t\t\t\t\t<\/div>\n\t\t<\/section>\n\t\t\t\t<\/div>\n\t\t","protected":false},"excerpt":{"rendered":"<p>QUI\u00c9NES SOMOS qui\u00e9nes somos acari\u00f1ar (RAG)* *Real Academia Gallega 1.Tratar con cari\u00f1o. 2.Hacerle caricias a alguien. Acari\u00f1o Films nace en 2019 como un espacio desde el cual producir de otra forma. Nuestra filosof\u00eda parte de comprender que cada pel\u00edcula requiere sus tiempos y sus m\u00e9todos, as\u00ed como una mirada art\u00edstica autoral que ha de ser [&hellip;]<\/p>\n","protected":false},"author":1,"featured_media":0,"parent":0,"menu_order":0,"comment_status":"closed","ping_status":"closed","template":"","meta":{"inline_featured_image":false,"footnotes":""},"class_list":["post-726","page","type-page","status-publish","hentry"],"_links":{"self":[{"href":"https:\/\/acarinofilms.com\/es\/wp-json\/wp\/v2\/pages\/726","targetHints":{"allow":["GET"]}}],"collection":[{"href":"https:\/\/acarinofilms.com\/es\/wp-json\/wp\/v2\/pages"}],"about":[{"href":"https:\/\/acarinofilms.com\/es\/wp-json\/wp\/v2\/types\/page"}],"author":[{"embeddable":true,"href":"https:\/\/acarinofilms.com\/es\/wp-json\/wp\/v2\/users\/1"}],"replies":[{"embeddable":true,"href":"https:\/\/acarinofilms.com\/es\/wp-json\/wp\/v2\/comments?post=726"}],"version-history":[{"count":36,"href":"https:\/\/acarinofilms.com\/es\/wp-json\/wp\/v2\/pages\/726\/revisions"}],"predecessor-version":[{"id":2381,"href":"https:\/\/acarinofilms.com\/es\/wp-json\/wp\/v2\/pages\/726\/revisions\/2381"}],"wp:attachment":[{"href":"https:\/\/acarinofilms.com\/es\/wp-json\/wp\/v2\/media?parent=726"}],"curies":[{"name":"wp","href":"https:\/\/api.w.org\/{rel}","templated":true}]}}