{"id":191,"date":"2022-03-11T18:39:43","date_gmt":"2022-03-11T18:39:43","guid":{"rendered":"https:\/\/acarinofilms.com\/?page_id=191"},"modified":"2022-11-06T12:31:33","modified_gmt":"2022-11-06T12:31:33","slug":"politica-de-cookies","status":"publish","type":"page","link":"https:\/\/acarinofilms.com\/gl\/politica-de-cookies\/","title":{"rendered":"Pol\u00edtica de cookies"},"content":{"rendered":"\t\t<div data-elementor-type=\"wp-page\" data-elementor-id=\"191\" class=\"elementor elementor-191\" data-elementor-post-type=\"page\">\n\t\t\t\t\t\t<section class=\"elementor-section elementor-top-section elementor-element elementor-element-8f70c15 elementor-section-boxed elementor-section-height-default elementor-section-height-default\" data-id=\"8f70c15\" data-element_type=\"section\">\n\t\t\t\t\t\t<div class=\"elementor-container elementor-column-gap-default\">\n\t\t\t\t\t<div class=\"elementor-column elementor-col-100 elementor-top-column elementor-element elementor-element-0861fff\" data-id=\"0861fff\" data-element_type=\"column\">\n\t\t\t<div class=\"elementor-widget-wrap elementor-element-populated\">\n\t\t\t\t\t\t<section class=\"elementor-section elementor-inner-section elementor-element elementor-element-e41abc2 elementor-section-boxed elementor-section-height-default elementor-section-height-default\" data-id=\"e41abc2\" data-element_type=\"section\">\n\t\t\t\t\t\t<div class=\"elementor-container elementor-column-gap-default\">\n\t\t\t\t\t<div class=\"elementor-column elementor-col-100 elementor-inner-column elementor-element elementor-element-3414de6\" data-id=\"3414de6\" data-element_type=\"column\">\n\t\t\t<div class=\"elementor-widget-wrap elementor-element-populated\">\n\t\t\t\t\t\t<div class=\"elementor-element elementor-element-5d46027 fondo-titulo elementor-widget__width-initial elementor-widget elementor-widget-heading\" data-id=\"5d46027\" data-element_type=\"widget\" data-widget_type=\"heading.default\">\n\t\t\t\t<div class=\"elementor-widget-container\">\n\t\t\t\t\t<h1 class=\"elementor-heading-title elementor-size-default\">Pol\u00edtica de cookies<\/h1>\t\t\t\t<\/div>\n\t\t\t\t<\/div>\n\t\t\t\t\t<\/div>\n\t\t<\/div>\n\t\t\t\t\t<\/div>\n\t\t<\/section>\n\t\t\t\t<section class=\"elementor-section elementor-inner-section elementor-element elementor-element-f771457 elementor-section-boxed elementor-section-height-default elementor-section-height-default\" data-id=\"f771457\" data-element_type=\"section\">\n\t\t\t\t\t\t<div class=\"elementor-container elementor-column-gap-default\">\n\t\t\t\t\t<div class=\"elementor-column elementor-col-100 elementor-inner-column elementor-element elementor-element-d7d7460\" data-id=\"d7d7460\" data-element_type=\"column\">\n\t\t\t<div class=\"elementor-widget-wrap elementor-element-populated\">\n\t\t\t\t\t\t<div class=\"elementor-element elementor-element-9e2ee6e elementor-widget elementor-widget-text-editor\" data-id=\"9e2ee6e\" data-element_type=\"widget\" data-widget_type=\"text-editor.default\">\n\t\t\t\t<div class=\"elementor-widget-container\">\n\t\t\t\t\t\t\t\t\t<p>Esta Pol\u00edtica de Cookies es parte integrante del Aviso Legal y la Pol\u00edtica de Privacidad de la web <a href=\"https:\/\/acarinofilms.com\/es\/\">https:\/\/acarinofilms.com\/<\/a>.<\/p><p>El acceso y la navegaci\u00f3n en la Web, o el uso de los servicios de esta, implican la aceptaci\u00f3n de los t\u00e9rminos y condiciones recogidos en el Aviso Legal y en la Pol\u00edtica de Privacidad.<\/p><p>\u00a0<\/p><h2>Aviso de cookies<\/h2><p>Nuestra web, <a href=\"https:\/\/acarinofilms.com\/es\/\">https:\/\/acarinofilms.com\/<\/a> (en adelante: \u00abla web\u00bb) utiliza cookies y otras tecnolog\u00edas relacionadas (para mayor comodidad, todas las tecnolog\u00edas se denominan \u00abcookies\u00bb). Las cookies tambi\u00e9n son colocadas por terceros a los que hemos contratado. En el siguiente documento encontrar\u00e1s c\u00f3mo se usan las cookies en nuestra web.<\/p><p>\u00a0<\/p><h2>Definici\u00f3n de cookies<\/h2><p>Las cookies son aquellos archivos que se env\u00edan junto con las p\u00e1ginas de esta web y que su navegador almacena en el disco duro de su ordenador u otro dispositivo. En otras palabras, cualquier tipo de dispositivo de almacenamiento y recuperaci\u00f3n de datos que se utilice en el equipo terminal de un usuario con la finalidad de almacenar informaci\u00f3n y recuperar la informaci\u00f3n ya almacenada. La informaci\u00f3n almacenada puede ser devuelta a nuestros servidores o a los servidores de terceros apropiados durante una visita posterior.<\/p><p>A continuaci\u00f3n, indicamos las cookies que utiliza la p\u00e1gina <a href=\"https:\/\/acarinofilms.com\/\">https:\/\/acarinofilms.com\/<\/a>.<\/p><p>\u00a0<\/p><h2>Tipos de cookies<\/h2><p><em><strong>Cookies t\u00e9cnicas o funcionales<\/strong><\/em><\/p><p>Son aquellas que permiten al usuario la navegaci\u00f3n a trav\u00e9s de una p\u00e1gina web, plataforma o aplicaci\u00f3n y la utilizaci\u00f3n de las diferentes opciones o servicios que en ella existan, incluyendo aquellas que el editor utiliza para permitir la gesti\u00f3n y operativa de la p\u00e1gina web y habilitar sus funciones y servicios. Al colocar cookies funcionales, te facilitamos la visita a nuestra web. De esta manera, no necesitas introducir repetidamente la misma informaci\u00f3n cuando visitas nuestra web y, por ejemplo, cuando vuelves a entrar no tienes que volver a aceptar el aviso de cookies si ya configuraste tus preferencias.<\/p><p>Estas cookies necesarias ayudan a hacer una p\u00e1gina web utilizable activando funciones b\u00e1sicas como a navegaci\u00f3n en la p\u00e1gina y el acceso a \u00e1reas seguras de la p\u00e1gina web. La p\u00e1gina web no puede funcionar adecuadamente sin estas cookies y las podemos colocar sin tu consentimiento.<\/p><p><em><strong>Cookies de an\u00e1lisis<\/strong><\/em><\/p><p>Son aquellas que permiten al responsable de las mismas el seguimiento y an\u00e1lisis del comportamiento de los usuarios de los sitios web a los que est\u00e1n vinculadas, incluida la cuantificaci\u00f3n de los impactos de los anuncios. La informaci\u00f3n recogida mediante este tipo de cookies se utiliza en la medici\u00f3n de la actividad de los sitios web, aplicaci\u00f3n o plataforma, con el fin de introducir mejoras en funci\u00f3n del an\u00e1lisis de los datos de uso que hacen los usuarios del servicio.<\/p><p>\u00a0<\/p><h2>Cookies utilizadas<\/h2><p><em><strong>Funcionales<\/strong><\/em><\/p><p>Utilizamos cookies funcionales para ofrecerte el servicio solicitado de acuerdo a la legalidad vigente. En concreto utilizamos las siguientes cookies:<\/p><table><thead><tr><th>Nombre<\/th><th>Proveedor<\/th><th>Prop\u00f3sito<\/th><th>Caducidad<\/th><\/tr><\/thead><tbody><tr><td>CMPLZ_FUNCTIONAL<\/td><td>WordPress<\/td><td>Funci\u00f3n de aceptaci\u00f3n de cookies en sitios web.<\/td><td>1 a\u00f1o<\/td><\/tr><tr><td>CMPLZ_PREFERENCES<\/td><td>WordPress<\/td><td>Funci\u00f3n de aceptaci\u00f3n de cookies en sitios web.<\/td><td>1 a\u00f1o<\/td><\/tr><tr><td>CMPLZ_CONSENTED_SERVICES<\/td><td>WordPress<\/td><td>Funci\u00f3n de aceptaci\u00f3n de cookies en sitios web.<\/td><td>1 a\u00f1o<\/td><\/tr><tr><td>CMPLZ_STATISTICS<\/td><td>WordPress<\/td><td>Funci\u00f3n de aceptaci\u00f3n de cookies en sitios web.<\/td><td>1 a\u00f1o<\/td><\/tr><tr><td>CMPLZ_BANNER-STATUS<\/td><td>WordPress<\/td><td>Funci\u00f3n de aceptaci\u00f3n de cookies en sitios web.<\/td><td>1 a\u00f1o<\/td><\/tr><tr><td>WP-WPML_CURRENT_LANGUAGE<\/td><td>WordPress<\/td><td>Funci\u00f3n de aceptaci\u00f3n de cookies en sitios web.<\/td><td>1 a\u00f1o<\/td><\/tr><tr><td>CMPLZ_MARKETING<\/td><td>WordPress<\/td><td>Funci\u00f3n de aceptaci\u00f3n de cookies en sitios web.<\/td><td>1 a\u00f1o<\/td><\/tr><tr><td>CMPLZ_POLICY_ID<\/td><td>WordPress<\/td><td>Funci\u00f3n de aceptaci\u00f3n de cookies en sitios web.<\/td><td>1 a\u00f1o<\/td><\/tr><\/tbody><\/table><p><em><strong>Anal\u00edticas<\/strong><\/em><\/p><p>Estas cookies sirven para analizar la navegaci\u00f3n de los usuarios por el sitio web, as\u00ed como realizar una medici\u00f3n y an\u00e1lisis estad\u00edstico de la utilizaci\u00f3n que hacen los usuarios del servicio ofertado. Algunas de estas cookies identifican al usuario, mientras que otras solo utilizan datos agregados.<\/p><p>El titular, a trav\u00e9s de la web, utiliza Google Analytics, pudiendo ser transferida informaci\u00f3n recogida a trav\u00e9s de las cookies a EEUU. Si desea m\u00e1s informaci\u00f3n al respecto, puedes consultar el siguiente <a href=\"http:\/\/www.google.com\/intl\/es\/analytics\/ https:\/\/services.google.com\/fh\/files\/misc\/safeguards_for_international_data_transfers.pdf\" target=\"_blank\" rel=\"noopener\">informe<\/a>.<\/p><table><thead><tr><th>Nombre<\/th><th>Proveedor<\/th><th>Prop\u00f3sito<\/th><th>Caducidad<\/th><\/tr><\/thead><tbody><tr><td>_Secure-3PSIDCC<\/td><td>Google<\/td><td>Cookie que transfiere datos a Google para hacer la publicidad m\u00e1s atractiva.<\/td><td>1 a\u00f1o<\/td><\/tr><tr><td>SIDCC<\/td><td>Google<\/td><td>Identificativa.<\/td><td>1 a\u00f1o<\/td><\/tr><tr><td>__Secure-1PSIDCC<\/td><td>Google<\/td><td>Estas cookies son utilizados por Google para almacenar las preferencias del usuario.<\/td><td>2 a\u00f1os<\/td><\/tr><tr><td>__Secure-3PAPISID<\/td><td>Google<\/td><td>Publicidad basada en intereses.<\/td><td>2 a\u00f1os<\/td><\/tr><tr><td>SAPISID<\/td><td>Google<\/td><td>Control de uso.<\/td><td>2 a\u00f1os<\/td><\/tr><tr><td>APISID<\/td><td>Google<\/td><td>Mide el rendimiento de los anuncios y proporciona recomendaciones.<\/td><td>2 a\u00f1os<\/td><\/tr><tr><td>__Secure-3PSID<\/td><td>Google<\/td><td>Se utiliza para entregarle anuncios m\u00e1s relevantes.<\/td><td>2 a\u00f1os<\/td><\/tr><tr><td>__Secure-1PSID<\/td><td>Google<\/td><td>Se utiliza para entregarle anuncios m\u00e1s relevantes.<\/td><td>2 a\u00f1os<\/td><\/tr><tr><td>SID<\/td><td>Google<\/td><td>Autenticar a los usuarios.<\/td><td>2 a\u00f1os<\/td><\/tr><tr><td>__Secure-1PAPISID<\/td><td>Google<\/td><td>Se utiliza para entregarle anuncios m\u00e1s relevantes.<\/td><td>2 a\u00f1os<\/td><\/tr><tr><td>HSID<\/td><td>Google<\/td><td>Autenticar a los usuarios.<\/td><td>2 a\u00f1os<\/td><\/tr><tr><td>SSID<\/td><td>Google<\/td><td>Preferencias de usuario.<\/td><td>2 a\u00f1os<\/td><\/tr><tr><td>OTZ<\/td><td>Google<\/td><td>Publicitaria.<\/td><td>2 a\u00f1os<\/td><\/tr><tr><td>NID<\/td><td>Google<\/td><td>Recordar tus preferencias y otra informaci\u00f3n.<\/td><td>6 meses<\/td><\/tr><tr><td>AEC<\/td><td>Google<\/td><td>Cookie de seguridad.<\/td><td>5 meses<\/td><\/tr><tr><td>1P_JAR<\/td><td>Google<\/td><td><p>Cookie que transfiere datos a Google para hacer la publicidad m\u00e1s atractiva.<\/p><\/td><td>1 mes<\/td><\/tr><tr><td>SEARCH_SAMESITE<\/td><td>Google<\/td><td>Env\u00edo de cookies entre sitios.<\/td><td>5 meses<\/td><\/tr><tr><td>DV<\/td><td>Google<\/td><td><p>Preferencias e informaci\u00f3n de usuario.<\/p><\/td><td>Sesi\u00f3n<\/td><\/tr><\/tbody><\/table><p>\u00a0<\/p><h2>Consentimiento<\/h2><p>Cuando visites esta web por primera vez, te mostraremos una ventana emergente con una peque\u00f1a explicaci\u00f3n sobre las cookies y un enlace a esta pol\u00edtica. Tan pronto como hagas clic en \u00abAceptar\u00bb o \u00abGuardar preferencias\u00bb, aceptas que usemos las categor\u00edas de cookies y plugins que has seleccionado en la ventana emergente, tal y como se describe en esta pol\u00edtica de cookies.<\/p><p>\u00a0<\/p><h2>Tus derechos respecto a los datos personales<\/h2><p>De acuerdo con el RGPD se considera interesado a la persona cuyos datos personales se tratan, motivo por el cual puede beneficiarse de los derechos reconocidos por la normativa vigente, que son:<\/p><ul><li><a href=\"https:\/\/www.aepd.es\/es\/derechos-y-deberes\/conoce-tus-derechos\/derecho-de-acceso\" target=\"_blank\" rel=\"noopener\">Derecho de acceso<\/a><\/li><li><a href=\"https:\/\/www.aepd.es\/es\/derechos-y-deberes\/conoce-tus-derechos\/derecho-de-rectificacion\" target=\"_blank\" rel=\"noopener\">Derecho de rectificaci\u00f3n<\/a><\/li><li><a href=\"https:\/\/www.aepd.es\/es\/derechos-y-deberes\/conoce-tus-derechos\/derecho-de-oposicion\" target=\"_blank\" rel=\"noopener\">Derecho de oposici\u00f3n<\/a><\/li><li><a href=\"https:\/\/www.aepd.es\/es\/derechos-y-deberes\/conoce-tus-derechos\/derecho-de-supresion-al-olvido\" target=\"_blank\" rel=\"noopener\">Derecho de supresi\u00f3n (\u00abal olvido\u00bb)<\/a><\/li><li><a href=\"https:\/\/www.aepd.es\/es\/derechos-y-deberes\/conoce-tus-derechos\/derecho-la-limitacion-del-tratamiento\" target=\"_blank\" rel=\"noopener\">Derecho a la limitaci\u00f3n del tratamiento<\/a><\/li><li><a href=\"https:\/\/www.aepd.es\/es\/derechos-y-deberes\/conoce-tus-derechos\/derecho-la-portabilidad\" target=\"_blank\" rel=\"noopener\">Derecho a la portabilidad<\/a><\/li><li><a href=\"https:\/\/www.aepd.es\/es\/derechos-y-deberes\/conoce-tus-derechos\/derecho-no-ser-objeto-de-decisiones-individuales\" target=\"_blank\" rel=\"noopener\">Derecho a no ser objeto de decisiones individuales automatizadas<\/a><\/li><li><a href=\"https:\/\/www.aepd.es\/es\/derechos-y-deberes\/conoce-tus-derechos\/derecho-de-informacion\" target=\"_blank\" rel=\"noopener\">Derecho de informaci\u00f3n<\/a><\/li><\/ul><p>En la siguiente URL propiedad de la Agencia Espa\u00f1ola de Protecci\u00f3n de Datos encontrar\u00e1 m\u00e1s informaci\u00f3n, formularios y requisitos para ejercer sus derechos o presentar una reclamaci\u00f3n ante la <a href=\"https:\/\/www.aepd.es\/es\/derechos-y-deberes\/conoce-tus-derechos\" target=\"_blank\" rel=\"noopener\">Agencia Espa\u00f1ola de Protecci\u00f3n de Datos<\/a>.<\/p><p>Para retirar su consentimiento o ejercer estos derechos utilice el mismo correo electr\u00f3nico de contacto: <a href=\"mailto:info@acarinofilms.com\" target=\"_blank\" rel=\"noopener\">info@acarinofilms.com<\/a>.<\/p><p>\u00a0<\/p><h2>C\u00f3mo habilitar\/deshabilitar las cookies<\/h2><p>Normalmente es posible dejar de aceptar las cookies del navegador, o dejar de aceptar las cookies de un servicio en particular.<\/p><p>Todos los navegadores actuales, permiten cambiar la configuraci\u00f3n de cookies. Estos ajustes se encuentran normalmente en las \u201copciones\u201d o \u201cpreferencias\u201d del men\u00fa de su navegador. Asimismo, puede configurar su navegador o su gestor de correo electr\u00f3nico.<\/p><p>A continuaci\u00f3n, se ofrece orientaci\u00f3n al usuario sobre los pasos para acceder al men\u00fa de configuraci\u00f3n de las cookies y, en su caso, de la navegaci\u00f3n privada en cada uno de los navegadores principales:<\/p><ul><li><b>Internet Explorer:<\/b> <i>Herramientas -&gt; Opciones de Internet -&gt; Privacidad -&gt; Configuraci\u00f3n<\/i>. Para m\u00e1s informaci\u00f3n, puede consultar el\u00a0<a href=\"http:\/\/windows.microsoft.com\/es-ES\/windows\/support\" target=\"_blank\" rel=\"noopener\">soporte de Microsoft<\/a> o la <i>Ayuda<\/i> del navegador.<\/li><li><b>Firefox:<\/b> <i>Herramientas -&gt; Opciones -&gt; Privacidad -&gt; Historial -&gt; Configuraci\u00f3n Personalizada<\/i>. Para m\u00e1s informaci\u00f3n, puede consultar el <a href=\"http:\/\/support.mozilla.org\/es\/home\" target=\"_blank\" rel=\"noopener\">soporte de Mozilla<\/a> o la <i>Ayuda<\/i> del navegador.<\/li><li><b>Chrome:<\/b> <i>Configuraci\u00f3n -&gt; Mostrar opciones avanzadas -&gt; Privacidad -&gt; Configuraci\u00f3n de contenido<\/i>. Para m\u00e1s informaci\u00f3n, puede consultar el <a href=\"http:\/\/support.google.com\/chrome\/?hl=es\" target=\"_blank\" rel=\"noopener\">soporte de Google<\/a> o la <i>Ayuda<\/i> del navegador.<\/li><li><b>Safari:<\/b> <i>Preferencias -&gt; Seguridad<\/i>. Para m\u00e1s informaci\u00f3n, puede consultar el <a href=\"http:\/\/www.apple.com\/es\/support\/safari\/\" target=\"_blank\" rel=\"noopener\">soporte de Apple<\/a> o la <i>Ayuda<\/i> del navegador.<\/li><\/ul><p>Ten en cuenta que nuestra web puede no funcionar correctamente si algunas cookies est\u00e1n desactivadas. Si borras las cookies de tu navegador, se volver\u00e1n a enviar despu\u00e9s de tu consentimiento cuando vuelvas a visitar nuestra web.<\/p><p>\u00a0<\/p><h2>Datos de contacto<\/h2><p>Para preguntas y\/o comentarios sobre nuestra pol\u00edtica de cookies y esta declaraci\u00f3n, por favor, contacta con nosotros usando los siguientes datos de contacto:<\/p><ul><li>Titular: Andr\u00e9s Sanjurjo Garc\u00eda<\/li><li>Correo Electr\u00f3nico: <a href=\"mailto:info@acarinofilms.com\" target=\"_blank\" rel=\"noopener\">info@acarinofilms.com<\/a><\/li><\/ul>\t\t\t\t\t\t\t\t<\/div>\n\t\t\t\t<\/div>\n\t\t\t\t\t<\/div>\n\t\t<\/div>\n\t\t\t\t\t<\/div>\n\t\t<\/section>\n\t\t\t\t\t<\/div>\n\t\t<\/div>\n\t\t\t\t\t<\/div>\n\t\t<\/section>\n\t\t\t\t<\/div>\n\t\t","protected":false},"excerpt":{"rendered":"<p>Pol\u00edtica de cookies Esta Pol\u00edtica de Cookies es parte integrante del Aviso Legal y la Pol\u00edtica de Privacidad de la web https:\/\/acarinofilms.com\/. El acceso y la navegaci\u00f3n en la Web, o el uso de los servicios de esta, implican la aceptaci\u00f3n de los t\u00e9rminos y condiciones recogidos en el Aviso Legal y en la Pol\u00edtica [&hellip;]<\/p>\n","protected":false},"author":1,"featured_media":0,"parent":0,"menu_order":0,"comment_status":"closed","ping_status":"closed","template":"","meta":{"inline_featured_image":false,"footnotes":""},"class_list":["post-191","page","type-page","status-publish","hentry"],"_links":{"self":[{"href":"https:\/\/acarinofilms.com\/gl\/wp-json\/wp\/v2\/pages\/191","targetHints":{"allow":["GET"]}}],"collection":[{"href":"https:\/\/acarinofilms.com\/gl\/wp-json\/wp\/v2\/pages"}],"about":[{"href":"https:\/\/acarinofilms.com\/gl\/wp-json\/wp\/v2\/types\/page"}],"author":[{"embeddable":true,"href":"https:\/\/acarinofilms.com\/gl\/wp-json\/wp\/v2\/users\/1"}],"replies":[{"embeddable":true,"href":"https:\/\/acarinofilms.com\/gl\/wp-json\/wp\/v2\/comments?post=191"}],"version-history":[{"count":14,"href":"https:\/\/acarinofilms.com\/gl\/wp-json\/wp\/v2\/pages\/191\/revisions"}],"predecessor-version":[{"id":2008,"href":"https:\/\/acarinofilms.com\/gl\/wp-json\/wp\/v2\/pages\/191\/revisions\/2008"}],"wp:attachment":[{"href":"https:\/\/acarinofilms.com\/gl\/wp-json\/wp\/v2\/media?parent=191"}],"curies":[{"name":"wp","href":"https:\/\/api.w.org\/{rel}","templated":true}]}}