{"id":91,"date":"2022-03-11T12:54:48","date_gmt":"2022-03-11T12:54:48","guid":{"rendered":"https:\/\/acarinofilms.com\/?page_id=91"},"modified":"2025-01-31T20:35:59","modified_gmt":"2025-01-31T20:35:59","slug":"quen-somos","status":"publish","type":"page","link":"https:\/\/acarinofilms.com\/gl\/quen-somos\/","title":{"rendered":"Quen somos"},"content":{"rendered":"\t\t<div data-elementor-type=\"wp-page\" data-elementor-id=\"91\" class=\"elementor elementor-91\" data-elementor-post-type=\"page\">\n\t\t\t\t\t\t<section class=\"elementor-section elementor-top-section elementor-element elementor-element-4ba226bb elementor-section-full_width elementor-section-height-min-height elementor-hidden-mobile elementor-section-content-middle elementor-section-height-default elementor-section-items-middle\" data-id=\"4ba226bb\" data-element_type=\"section\" id=\"inicio\" data-settings=\"{&quot;background_background&quot;:&quot;classic&quot;}\">\n\t\t\t\t\t\t\t<div class=\"elementor-background-overlay\"><\/div>\n\t\t\t\t\t\t\t<div class=\"elementor-container elementor-column-gap-default\">\n\t\t\t\t\t<div class=\"elementor-column elementor-col-100 elementor-top-column elementor-element elementor-element-2dd1b7a4\" data-id=\"2dd1b7a4\" data-element_type=\"column\" data-settings=\"{&quot;background_background&quot;:&quot;classic&quot;}\">\n\t\t\t<div class=\"elementor-widget-wrap elementor-element-populated\">\n\t\t\t\t\t\t<div class=\"elementor-element elementor-element-3a1f710 elementor-widget elementor-widget-heading\" data-id=\"3a1f710\" data-element_type=\"widget\" data-widget_type=\"heading.default\">\n\t\t\t\t<div class=\"elementor-widget-container\">\n\t\t\t\t\t<h2 class=\"elementor-heading-title elementor-size-default\">QUEN SOMOS<\/h2>\t\t\t\t<\/div>\n\t\t\t\t<\/div>\n\t\t\t\t\t<\/div>\n\t\t<\/div>\n\t\t\t\t\t<\/div>\n\t\t<\/section>\n\t\t\t\t<section class=\"elementor-section elementor-top-section elementor-element elementor-element-ca9c3c0 elementor-section-full_width elementor-section-height-min-height elementor-hidden-desktop elementor-hidden-tablet elementor-section-content-middle elementor-section-height-default elementor-section-items-middle\" data-id=\"ca9c3c0\" data-element_type=\"section\" data-settings=\"{&quot;background_background&quot;:&quot;classic&quot;}\">\n\t\t\t\t\t\t\t<div class=\"elementor-background-overlay\"><\/div>\n\t\t\t\t\t\t\t<div class=\"elementor-container elementor-column-gap-default\">\n\t\t\t\t\t<div class=\"elementor-column elementor-col-100 elementor-top-column elementor-element elementor-element-e94cb2a\" data-id=\"e94cb2a\" data-element_type=\"column\" data-settings=\"{&quot;background_background&quot;:&quot;classic&quot;}\">\n\t\t\t<div class=\"elementor-widget-wrap\">\n\t\t\t\t\t\t\t<\/div>\n\t\t<\/div>\n\t\t\t\t\t<\/div>\n\t\t<\/section>\n\t\t\t\t<section class=\"elementor-section elementor-top-section elementor-element elementor-element-f97867d elementor-section-boxed elementor-section-height-default elementor-section-height-default\" data-id=\"f97867d\" data-element_type=\"section\">\n\t\t\t\t\t\t<div class=\"elementor-container elementor-column-gap-default\">\n\t\t\t\t\t<div class=\"elementor-column elementor-col-50 elementor-top-column elementor-element elementor-element-c397c83\" data-id=\"c397c83\" data-element_type=\"column\">\n\t\t\t<div class=\"elementor-widget-wrap elementor-element-populated\">\n\t\t\t\t\t\t<div class=\"elementor-element elementor-element-13e90e4 fondo-amarillo elementor-hidden-desktop elementor-widget elementor-widget-heading\" data-id=\"13e90e4\" data-element_type=\"widget\" data-widget_type=\"heading.default\">\n\t\t\t\t<div class=\"elementor-widget-container\">\n\t\t\t\t\t<h2 class=\"elementor-heading-title elementor-size-default\">quen somos<\/h2>\t\t\t\t<\/div>\n\t\t\t\t<\/div>\n\t\t\t\t<section class=\"elementor-section elementor-inner-section elementor-element elementor-element-8d5faa7 elementor-section-boxed elementor-section-height-default elementor-section-height-default\" data-id=\"8d5faa7\" data-element_type=\"section\">\n\t\t\t\t\t\t<div class=\"elementor-container elementor-column-gap-default\">\n\t\t\t\t\t<div class=\"elementor-column elementor-col-100 elementor-inner-column elementor-element elementor-element-bb66b42 separador-izqda elementor-hidden-desktop elementor-hidden-tablet\" data-id=\"bb66b42\" data-element_type=\"column\">\n\t\t\t<div class=\"elementor-widget-wrap elementor-element-populated\">\n\t\t\t\t\t\t<div class=\"elementor-element elementor-element-d4ec91e elementor-widget elementor-widget-text-editor\" data-id=\"d4ec91e\" data-element_type=\"widget\" data-widget_type=\"text-editor.default\">\n\t\t\t\t<div class=\"elementor-widget-container\">\n\t\t\t\t\t\t\t\t\t<p>acari\u00f1ar (RAG)*<\/p>\t\t\t\t\t\t\t\t<\/div>\n\t\t\t\t<\/div>\n\t\t\t\t<div class=\"elementor-element elementor-element-6d3f140 elementor-widget elementor-widget-text-editor\" data-id=\"6d3f140\" data-element_type=\"widget\" data-widget_type=\"text-editor.default\">\n\t\t\t\t<div class=\"elementor-widget-container\">\n\t\t\t\t\t\t\t\t\t<p>*Real Academia Galega<\/p>\t\t\t\t\t\t\t\t<\/div>\n\t\t\t\t<\/div>\n\t\t\t\t<div class=\"elementor-element elementor-element-e45f2eb elementor-widget elementor-widget-text-editor\" data-id=\"e45f2eb\" data-element_type=\"widget\" data-widget_type=\"text-editor.default\">\n\t\t\t\t<div class=\"elementor-widget-container\">\n\t\t\t\t\t\t\t\t\t<p>1.Tratar con cari\u00f1o.<\/p><p>2.Facerlle caricias a algu\u00e9n.<\/p>\t\t\t\t\t\t\t\t<\/div>\n\t\t\t\t<\/div>\n\t\t\t\t\t<\/div>\n\t\t<\/div>\n\t\t\t\t\t<\/div>\n\t\t<\/section>\n\t\t\t\t<section class=\"elementor-section elementor-inner-section elementor-element elementor-element-73074c1 elementor-section-boxed elementor-section-height-default elementor-section-height-default\" data-id=\"73074c1\" data-element_type=\"section\">\n\t\t\t\t\t\t<div class=\"elementor-container elementor-column-gap-default\">\n\t\t\t\t\t<div class=\"elementor-column elementor-col-100 elementor-inner-column elementor-element elementor-element-f2f0421\" data-id=\"f2f0421\" data-element_type=\"column\">\n\t\t\t<div class=\"elementor-widget-wrap elementor-element-populated\">\n\t\t\t\t\t\t<div class=\"elementor-element elementor-element-b292038 elementor-widget elementor-widget-text-editor\" data-id=\"b292038\" data-element_type=\"widget\" data-widget_type=\"text-editor.default\">\n\t\t\t\t<div class=\"elementor-widget-container\">\n\t\t\t\t\t\t\t\t\t<p><span style=\"font-weight: 400;\">Acari\u00f1o Films nace en 2019 como un espazo desde o cal producir doutra forma.<\/span><\/p><p><span style=\"font-weight: 400;\">A nosa filosof\u00eda est\u00e1 baseada na idea de que cada pel\u00edcula require os seus tempos e os seus m\u00e9todos, as\u00ed como unha mirada art\u00edstica autoral que ten que ser respectada e potenciada pola produci\u00f3n.<\/span><\/p><p><span style=\"font-weight: 400;\">Perseguimos o obxectivo de conseguir que proxectos cinematogr\u00e1ficos innovadores saian \u00e1 luz, priorizando a calidade do proceso e a obtenci\u00f3n da mellor versi\u00f3n das nosas pel\u00edculas.<\/span><\/p><p><span style=\"font-weight: 400;\">\u00c9 por iso que realizamos produci\u00f3ns \u00e1 medida de cada proxecto: ofrecendo asesoramento creativo, buscando apoio financeiro, garantindo a liberdade art\u00edstica da (ou do) cineasta e asegur\u00e1ndonos de que existan unhas condici\u00f3ns igualitarias de produci\u00f3n.<\/span><\/p><p><span style=\"font-weight: 400;\">Conscientes da dificultade de autoproducirse de cada cineasta, Acari\u00f1o pretende ser unha contorna no que esas propostas ins\u00f3litas e arriscadas poidan ter un contexto onde crecer e desenvolverse.<\/span><\/p><p><span style=\"font-weight: 400;\">Unha illa m\u00e1is dentro do arquip\u00e9lago de \u201cresistencia\u201d que ofrece a cinematograf\u00eda independente mundial.<\/span><\/p>\t\t\t\t\t\t\t\t<\/div>\n\t\t\t\t<\/div>\n\t\t\t\t\t<\/div>\n\t\t<\/div>\n\t\t\t\t\t<\/div>\n\t\t<\/section>\n\t\t\t\t\t<\/div>\n\t\t<\/div>\n\t\t\t\t<div class=\"elementor-column elementor-col-50 elementor-top-column elementor-element elementor-element-c0151bb elementor-hidden-mobile\" data-id=\"c0151bb\" data-element_type=\"column\">\n\t\t\t<div class=\"elementor-widget-wrap elementor-element-populated\">\n\t\t\t\t\t\t<section class=\"elementor-section elementor-inner-section elementor-element elementor-element-4d7fe3e elementor-section-boxed elementor-section-height-default elementor-section-height-default\" data-id=\"4d7fe3e\" data-element_type=\"section\">\n\t\t\t\t\t\t<div class=\"elementor-container elementor-column-gap-default\">\n\t\t\t\t\t<div class=\"elementor-column elementor-col-100 elementor-inner-column elementor-element elementor-element-2531336 separador-izqda\" data-id=\"2531336\" data-element_type=\"column\">\n\t\t\t<div class=\"elementor-widget-wrap elementor-element-populated\">\n\t\t\t\t\t\t<div class=\"elementor-element elementor-element-4ac7a80 elementor-widget elementor-widget-text-editor\" data-id=\"4ac7a80\" data-element_type=\"widget\" data-widget_type=\"text-editor.default\">\n\t\t\t\t<div class=\"elementor-widget-container\">\n\t\t\t\t\t\t\t\t\t<p>acari\u00f1ar (RAG)*<\/p>\t\t\t\t\t\t\t\t<\/div>\n\t\t\t\t<\/div>\n\t\t\t\t<div class=\"elementor-element elementor-element-1516c0f elementor-widget elementor-widget-text-editor\" data-id=\"1516c0f\" data-element_type=\"widget\" data-widget_type=\"text-editor.default\">\n\t\t\t\t<div class=\"elementor-widget-container\">\n\t\t\t\t\t\t\t\t\t<p>*Real Academia Galega<\/p>\t\t\t\t\t\t\t\t<\/div>\n\t\t\t\t<\/div>\n\t\t\t\t<div class=\"elementor-element elementor-element-3e41cac elementor-widget elementor-widget-text-editor\" data-id=\"3e41cac\" data-element_type=\"widget\" data-widget_type=\"text-editor.default\">\n\t\t\t\t<div class=\"elementor-widget-container\">\n\t\t\t\t\t\t\t\t\t<p>1.Tratar con cari\u00f1o.<\/p><p>2.Facerlle caricias a algu\u00e9n.<\/p>\t\t\t\t\t\t\t\t<\/div>\n\t\t\t\t<\/div>\n\t\t\t\t\t<\/div>\n\t\t<\/div>\n\t\t\t\t\t<\/div>\n\t\t<\/section>\n\t\t\t\t\t<\/div>\n\t\t<\/div>\n\t\t\t\t\t<\/div>\n\t\t<\/section>\n\t\t\t\t<section class=\"elementor-section elementor-top-section elementor-element elementor-element-7faf00e elementor-section-boxed elementor-section-height-default elementor-section-height-default\" data-id=\"7faf00e\" data-element_type=\"section\" data-settings=\"{&quot;background_background&quot;:&quot;classic&quot;}\">\n\t\t\t\t\t\t<div class=\"elementor-container elementor-column-gap-default\">\n\t\t\t\t\t<div class=\"elementor-column elementor-col-100 elementor-top-column elementor-element elementor-element-a52bf43\" data-id=\"a52bf43\" data-element_type=\"column\">\n\t\t\t<div class=\"elementor-widget-wrap elementor-element-populated\">\n\t\t\t\t\t\t<section class=\"elementor-section elementor-inner-section elementor-element elementor-element-ed924c0 elementor-section-boxed elementor-section-height-default elementor-section-height-default\" data-id=\"ed924c0\" data-element_type=\"section\">\n\t\t\t\t\t\t<div class=\"elementor-container elementor-column-gap-default\">\n\t\t\t\t\t<div class=\"elementor-column elementor-col-50 elementor-inner-column elementor-element elementor-element-34cc747 elementor-hidden-tablet elementor-hidden-mobile\" data-id=\"34cc747\" data-element_type=\"column\">\n\t\t\t<div class=\"elementor-widget-wrap elementor-element-populated\">\n\t\t\t\t\t\t<div class=\"elementor-element elementor-element-368678f elementor-cta--layout-image-above elementor-hidden-mobile elementor-hidden-tablet elementor-cta--skin-classic elementor-widget elementor-widget-call-to-action\" data-id=\"368678f\" data-element_type=\"widget\" data-widget_type=\"call-to-action.default\">\n\t\t\t\t<div class=\"elementor-widget-container\">\n\t\t\t\t\t\t\t<div class=\"elementor-cta\">\n\t\t\t\t\t<div class=\"elementor-cta__bg-wrapper\">\n\t\t\t\t<div class=\"elementor-cta__bg elementor-bg\" style=\"background-image: url(https:\/\/acarinofilms.com\/wp-content\/uploads\/2022\/11\/andres-sanjurjo-by-andrea-rodriguez-bn-web.jpg);\" role=\"img\" aria-label=\"andres-sanjurjo-by-andrea-rodriguez-bn-web\"><\/div>\n\t\t\t\t<div class=\"elementor-cta__bg-overlay\"><\/div>\n\t\t\t<\/div>\n\t\t\t\t\t\t\t\t<\/div>\n\t\t\t\t\t\t<\/div>\n\t\t\t\t<\/div>\n\t\t\t\t<div class=\"elementor-element elementor-element-7a73638 elementor-widget elementor-widget-text-editor\" data-id=\"7a73638\" data-element_type=\"widget\" data-widget_type=\"text-editor.default\">\n\t\t\t\t<div class=\"elementor-widget-container\">\n\t\t\t\t\t\t\t\t\t<p>\u00a9 By Andrea Rodr\u00edguez<\/p>\t\t\t\t\t\t\t\t<\/div>\n\t\t\t\t<\/div>\n\t\t\t\t\t<\/div>\n\t\t<\/div>\n\t\t\t\t<div class=\"elementor-column elementor-col-50 elementor-inner-column elementor-element elementor-element-f0b8d46\" data-id=\"f0b8d46\" data-element_type=\"column\">\n\t\t\t<div class=\"elementor-widget-wrap elementor-element-populated\">\n\t\t\t\t\t\t<div class=\"elementor-element elementor-element-7e5bff2 elementor-hidden-desktop elementor-widget elementor-widget-image\" data-id=\"7e5bff2\" data-element_type=\"widget\" data-widget_type=\"image.default\">\n\t\t\t\t<div class=\"elementor-widget-container\">\n\t\t\t\t\t\t\t\t\t\t\t\t\t\t\t<img fetchpriority=\"high\" decoding=\"async\" width=\"800\" height=\"534\" src=\"https:\/\/acarinofilms.com\/wp-content\/uploads\/2022\/11\/andres-sanjurjo-by-andrea-rodriguez-web-1024x683.jpg\" class=\"attachment-large size-large wp-image-1992\" alt=\"\" srcset=\"https:\/\/acarinofilms.com\/wp-content\/uploads\/2022\/11\/andres-sanjurjo-by-andrea-rodriguez-web-1024x683.jpg 1024w, https:\/\/acarinofilms.com\/wp-content\/uploads\/2022\/11\/andres-sanjurjo-by-andrea-rodriguez-web-300x200.jpg 300w, https:\/\/acarinofilms.com\/wp-content\/uploads\/2022\/11\/andres-sanjurjo-by-andrea-rodriguez-web-768x512.jpg 768w, https:\/\/acarinofilms.com\/wp-content\/uploads\/2022\/11\/andres-sanjurjo-by-andrea-rodriguez-web-1536x1024.jpg 1536w, https:\/\/acarinofilms.com\/wp-content\/uploads\/2022\/11\/andres-sanjurjo-by-andrea-rodriguez-web.jpg 1800w\" sizes=\"(max-width: 800px) 100vw, 800px\" \/>\t\t\t\t\t\t\t\t\t\t\t\t\t\t\t<\/div>\n\t\t\t\t<\/div>\n\t\t\t\t<div class=\"elementor-element elementor-element-becb70c elementor-widget elementor-widget-text-editor\" data-id=\"becb70c\" data-element_type=\"widget\" data-widget_type=\"text-editor.default\">\n\t\t\t\t<div class=\"elementor-widget-container\">\n\t\t\t\t\t\t\t\t\t<p>\u00a9 By Andrea Rodr\u00edguez<\/p>\t\t\t\t\t\t\t\t<\/div>\n\t\t\t\t<\/div>\n\t\t\t\t<div class=\"elementor-element elementor-element-3a5d0af fondo-blanco elementor-hidden-desktop elementor-widget-mobile__width-inherit elementor-widget elementor-widget-heading\" data-id=\"3a5d0af\" data-element_type=\"widget\" data-widget_type=\"heading.default\">\n\t\t\t\t<div class=\"elementor-widget-container\">\n\t\t\t\t\t<h2 class=\"elementor-heading-title elementor-size-default\">andr\u00e9s sanjurjo<\/h2>\t\t\t\t<\/div>\n\t\t\t\t<\/div>\n\t\t\t\t<div class=\"elementor-element elementor-element-38e77bc fondo-blanco elementor-widget__width-initial elementor-hidden-mobile elementor-hidden-tablet elementor-widget elementor-widget-heading\" data-id=\"38e77bc\" data-element_type=\"widget\" data-widget_type=\"heading.default\">\n\t\t\t\t<div class=\"elementor-widget-container\">\n\t\t\t\t\t<h2 class=\"elementor-heading-title elementor-size-default\">andr\u00e9s sanjurjo<\/h2>\t\t\t\t<\/div>\n\t\t\t\t<\/div>\n\t\t\t\t<div class=\"elementor-element elementor-element-453f363 elementor-widget elementor-widget-text-editor\" data-id=\"453f363\" data-element_type=\"widget\" data-widget_type=\"text-editor.default\">\n\t\t\t\t<div class=\"elementor-widget-container\">\n\t\t\t\t\t\t\t\t\t<p><span style=\"font-weight: 400;\">Estudiei Comunicaci\u00f3n Audiovisual e especialiceime en cinema con varios mestrados e un doutoramento que estou a cursar na actualidade, o que me levou a vivir entre Burgos, Oporto, Santiago de Chile, Barcelona e A Coru\u00f1a.\u00a0<\/span><\/p><p><span style=\"font-weight: 400;\">Tras rematar a carreira fixen unhas breves pr\u00e1cticas profesionais en Zeitun Films, onde Felipe Lage convert\u00eduse nunha sorte de mestre que me animou a autoproducir o meu primeiro filme, Al\u00e9n Mar (actualmente en posproduci\u00f3n).\u00a0<\/span><\/p><p><span style=\"font-weight: 400;\">Adem\u00e1is, traballei para outras productoras de cinema como Miramemira ou Forastero, e con realizadores como Oliver Laxe, Santiago Fillol, Ra\u00fal Capdevila e Carlos Mart\u00ednez-Pe\u00f1alver.\u00a0<\/span><\/p><p><span style=\"font-weight: 400;\">Durante estes anos, complementei a mi\u00f1a formaci\u00f3n regrada con seminarios e obradoiros con cineastas da talla de Abbas Kiarostami, V\u00edctor Erice, Boris Lehman e Jodie Mack, e cr\u00edticos como Jonathan Rosembaum e Roger Koza.<\/span><\/p><p><span style=\"font-weight: 400;\">A mi\u00f1a inquietude como cineasta e productor, leveoume \u00e1 creaci\u00f3n de Acari\u00f1o Films na b\u00fasqueda de novos medios de produci\u00f3n para as mi\u00f1as pel\u00edculas e compartir esta experiencia producindo a outros autores.<\/span><\/p><p><span style=\"font-weight: 400;\">Se queres co\u00f1ecer m\u00e1is da mi\u00f1a traxectoria profesional preme <a style=\"color: #000000; font-weight: 600;\" href=\"https:\/\/acarinofilms.com\/wp-content\/uploads\/2022\/03\/ANDRES-cv-2022.pdf\" target=\"_blank\" rel=\"noopener\">aqu\u00ed<\/a>.<\/span><\/p>\t\t\t\t\t\t\t\t<\/div>\n\t\t\t\t<\/div>\n\t\t\t\t\t<\/div>\n\t\t<\/div>\n\t\t\t\t\t<\/div>\n\t\t<\/section>\n\t\t\t\t\t<\/div>\n\t\t<\/div>\n\t\t\t\t\t<\/div>\n\t\t<\/section>\n\t\t\t\t<\/div>\n\t\t","protected":false},"excerpt":{"rendered":"<p>QUEN SOMOS quen somos acari\u00f1ar (RAG)* *Real Academia Galega 1.Tratar con cari\u00f1o. 2.Facerlle caricias a algu\u00e9n. Acari\u00f1o Films nace en 2019 como un espazo desde o cal producir doutra forma. A nosa filosof\u00eda est\u00e1 baseada na idea de que cada pel\u00edcula require os seus tempos e os seus m\u00e9todos, as\u00ed como unha mirada art\u00edstica autoral [&hellip;]<\/p>\n","protected":false},"author":1,"featured_media":0,"parent":0,"menu_order":0,"comment_status":"closed","ping_status":"closed","template":"","meta":{"inline_featured_image":false,"footnotes":""},"class_list":["post-91","page","type-page","status-publish","hentry"],"_links":{"self":[{"href":"https:\/\/acarinofilms.com\/gl\/wp-json\/wp\/v2\/pages\/91","targetHints":{"allow":["GET"]}}],"collection":[{"href":"https:\/\/acarinofilms.com\/gl\/wp-json\/wp\/v2\/pages"}],"about":[{"href":"https:\/\/acarinofilms.com\/gl\/wp-json\/wp\/v2\/types\/page"}],"author":[{"embeddable":true,"href":"https:\/\/acarinofilms.com\/gl\/wp-json\/wp\/v2\/users\/1"}],"replies":[{"embeddable":true,"href":"https:\/\/acarinofilms.com\/gl\/wp-json\/wp\/v2\/comments?post=91"}],"version-history":[{"count":470,"href":"https:\/\/acarinofilms.com\/gl\/wp-json\/wp\/v2\/pages\/91\/revisions"}],"predecessor-version":[{"id":2379,"href":"https:\/\/acarinofilms.com\/gl\/wp-json\/wp\/v2\/pages\/91\/revisions\/2379"}],"wp:attachment":[{"href":"https:\/\/acarinofilms.com\/gl\/wp-json\/wp\/v2\/media?parent=91"}],"curies":[{"name":"wp","href":"https:\/\/api.w.org\/{rel}","templated":true}]}}